{"id":1024,"date":"2025-04-29T10:57:00","date_gmt":"2025-04-29T08:57:00","guid":{"rendered":"https:\/\/meridiaestudio.com\/equipo\/"},"modified":"2025-10-03T14:18:27","modified_gmt":"2025-10-03T12:18:27","slug":"team","status":"publish","type":"page","link":"https:\/\/meridiaestudio.com\/en\/team\/","title":{"rendered":"Team"},"content":{"rendered":"<div class=\"wpb-content-wrapper\"><p>[vc_row css=&#8221;.vc_custom_1750675647873{margin-top: 75px !important;}&#8221;][vc_column el_class=&#8221;title-container&#8221; css=&#8221;.vc_custom_1748422976893{padding-top: 2% !important;padding-right: 3% !important;padding-bottom: 2% !important;padding-left: 3% !important;}&#8221;][vc_column_text css=&#8221;.vc_custom_1750841334292{margin-top: 0px !important;margin-right: 0px !important;margin-bottom: 0px !important;margin-left: 0px !important;}&#8221;]<\/p>\n<h1 style=\"font-size: 48px;\">TEAM<\/h1>\n<p>[\/vc_column_text][\/vc_column][\/vc_row][vc_row css=&#8221;.vc_custom_1748856280838{margin-top: 5% !important;padding-top: 2% !important;padding-right: 3% !important;padding-bottom: 2% !important;padding-left: 3% !important;}&#8221;][vc_column width=&#8221;3\/4&#8243; css=&#8221;.vc_custom_1748856232461{padding-top: 20px !important;padding-right: 20px !important;padding-bottom: 20px !important;padding-left: 20px !important;}&#8221;][vc_column_text css=&#8221;&#8221; el_class=&#8221;servicetitle&#8221;]<\/p>\n<h2>OUR STUDIO WAS BORN FROM A COMMITMENT TO SUSTAINABLE, SERENE, AND CONSCIOUS ARCHITECTURE. WE ACCOMPANY OUR CLIENTS THROUGHOUT THE ENTIRE PROCESS, WITH A CONTEMPORARY PERSPECTIVE ON TRADITION\u2014BUILDING THE FUTURE WITH A FOUNDATION IN THE PAST.<\/h2>\n<p>[\/vc_column_text][\/vc_column][vc_column width=&#8221;1\/4&#8243;][\/vc_column][\/vc_row][vc_row equal_height=&#8221;yes&#8221; content_placement=&#8221;bottom&#8221; css=&#8221;.vc_custom_1747994909607{margin-top: 5% !important;padding-right: 3% !important;padding-left: 3% !important;}&#8221;][vc_column width=&#8221;1\/2&#8243; css=&#8221;.vc_custom_1748856322342{padding: 20px !important;}&#8221;][vc_row_inner][vc_column_inner width=&#8221;3\/4&#8243;][vc_column_text css=&#8221;&#8221; el_class=&#8221;textoNormal&#8221;]<\/p>\n<p data-start=\"43\" data-end=\"434\">At Meridi\u00e0 Estudio, we believe in architecture that engages in dialogue with its surroundings, respects the past, and envisions the future. We are an Ibiza-based studio specializing in architectural design, renovation, interior design, and comprehensive project management. We work with a contemporary and sustainable vision, carefully attending to every detail from conception to execution.<\/p>\n<p data-start=\"436\" data-end=\"632\">Miquel C\u00e1rceles Cardona and Manuel Sempere Polo are the founding architects of Meridi\u00e0 Estudio, and their story begins in the city of Valencia, where they both pursued their architectural studies.<\/p>\n<p data-start=\"634\" data-end=\"838\" data-is-last-node=\"\" data-is-only-node=\"\">This initial connection led them to create a studio known for its innovative approach and passion for designing spaces, with the core objective of improving the quality of life for those who inhabit them.<\/p>\n<p>[\/vc_column_text][\/vc_column_inner][vc_column_inner width=&#8221;1\/4&#8243;][\/vc_column_inner][\/vc_row_inner][vc_single_image image=&#8221;373&#8243; img_size=&#8221;full&#8221; css=&#8221;&#8221; el_class=&#8221;imagen img50&#8243;][\/vc_column][vc_column width=&#8221;1\/2&#8243; css=&#8221;.vc_custom_1748856332557{padding: 20px !important;}&#8221;][vc_single_image image=&#8221;387&#8243; img_size=&#8221;full&#8221; css=&#8221;&#8221; el_class=&#8221;imagen fullheight&#8221;][\/vc_column][\/vc_row][vc_row css=&#8221;.vc_custom_1748856347205{margin-top: 2% !important;padding-right: 3% !important;padding-left: 3% !important;}&#8221;][vc_column width=&#8221;3\/4&#8243; css=&#8221;.vc_custom_1748856361134{padding: 20px !important;}&#8221;][vc_column_text css=&#8221;&#8221; el_class=&#8221;servicetitle&#8221;]<\/p>\n<h2 id=\"tw-target-text\" class=\"tw-data-text tw-text-large tw-ta\" dir=\"ltr\" data-placeholder=\"Traducci\u00f3n\" data-ved=\"2ahUKEwjo-JeYnIyOAxXvRKQEHeFiCFIQ3ewLegQICRAU\" aria-label=\"Texto traducido: WITH A EXTENSIVE PROFESSIONAL CAREER, MIQUEL AND MANUEL LEAD MERIDI\u00c0 ESTUDIO WITH A VISION THAT FUSES AESTHETICS, FUNCTIONALITY AND RESPECT FOR THE NATURAL AND CULTURAL ENVIRONMENT OF IBIZA AND FORMENTERA.\"><span class=\"Y2IQFc\" lang=\"en\">WITH A EXTENSIVE PROFESSIONAL CAREER, MIQUEL AND MANUEL LEAD MERIDI\u00c0 ESTUDIO WITH A VISION THAT FUSES AESTHETICS, FUNCTIONALITY AND RESPECT FOR THE NATURAL AND CULTURAL ENVIRONMENT OF IBIZA AND FORMENTERA.<\/span><\/h2>\n<p>[\/vc_column_text][\/vc_column][vc_column width=&#8221;1\/4&#8243;][\/vc_column][\/vc_row][vc_row css=&#8221;.vc_custom_1747995585338{margin-top: 5% !important;padding-right: 3% !important;padding-left: 3% !important;}&#8221;][vc_column width=&#8221;1\/2&#8243; css=&#8221;.vc_custom_1748856369197{padding: 20px !important;}&#8221;][vc_single_image image=&#8221;375&#8243; img_size=&#8221;full&#8221; css=&#8221;.vc_custom_1747730467469{margin-bottom: 7% !important;}&#8221; el_class=&#8221;imagen&#8221;][vc_separator color=&#8221;blue&#8221; css=&#8221;&#8221;][vc_column_text css=&#8221;&#8221;]<\/p>\n<h2>MIQUEL C\u00c1RCELES CARDONA<\/h2>\n<p>[\/vc_column_text][vc_column_text css=&#8221;&#8221;]<\/p>\n<div class=\"flex max-w-full flex-col grow\">\n<div class=\"min-h-8 text-message relative flex w-full flex-col items-end gap-2 text-start break-words whitespace-normal [.text-message+&amp;]:mt-5\" dir=\"auto\" data-message-author-role=\"assistant\" data-message-id=\"61bb0058-f4a0-456a-a2d9-132d8f709639\" data-message-model-slug=\"gpt-4o\">\n<div class=\"flex w-full flex-col gap-1 empty:hidden first:pt-[3px]\">\n<div class=\"markdown prose dark:prose-invert w-full break-words dark\">\n<p data-start=\"0\" data-end=\"296\" data-is-last-node=\"\" data-is-only-node=\"\">FOUNDING PARTNER. His architectural vision embraces a design that engages in dialogue with its surroundings, respects the past, and looks toward the future. His contemporary and sustainable approach drives projects that enhance quality of life while honoring the natural and cultural environment.<\/p>\n<\/div>\n<\/div>\n<\/div>\n<\/div>\n<div class=\"flex min-h-[46px] justify-start\"><\/div>\n<p>[\/vc_column_text][\/vc_column][vc_column width=&#8221;1\/2&#8243; css=&#8221;.vc_custom_1748856377757{padding: 20px !important;}&#8221;][vc_single_image image=&#8221;374&#8243; img_size=&#8221;full&#8221; css=&#8221;.vc_custom_1747730473782{margin-bottom: 7% !important;}&#8221; el_class=&#8221;imagen-100-fila imagen-fila imagen&#8221;][vc_separator color=&#8221;blue&#8221; css=&#8221;&#8221;][vc_column_text css=&#8221;&#8221;]<\/p>\n<h2>MANUEL SEMPERE POLO<\/h2>\n<p>[\/vc_column_text][vc_column_text css=&#8221;&#8221;]FOUNDING PARTNER. With a vision rooted in tradition and sustainability, he leads projects that merge functionality, aesthetics, and respect for the environment. His passion for architecture that improves people&#8217;s lives is reflected in every project undertaken by the firm.[\/vc_column_text][\/vc_column][\/vc_row][vc_row css=&#8221;.vc_custom_1747995014263{margin-top: 5% !important;padding-right: 3% !important;padding-left: 3% !important;}&#8221;][vc_column width=&#8221;1\/2&#8243; css=&#8221;.vc_custom_1748856390821{padding: 20px !important;}&#8221;][vc_single_image image=&#8221;376&#8243; img_size=&#8221;full&#8221; css=&#8221;.vc_custom_1747730478347{margin-bottom: 7% !important;}&#8221; el_class=&#8221;imagen-100-fila imagen-fila imagen&#8221;][vc_separator color=&#8221;blue&#8221; css=&#8221;&#8221;][vc_column_text css=&#8221;&#8221;]<\/p>\n<h2>JUAN ANTONIO TORRES MAR\u00cd<\/h2>\n<p>[\/vc_column_text][vc_column_text css=&#8221;&#8221;]DRAFTSMAN. With his skill in creating detailed plans and representations, Juan Antonio ensures that the architectural ideas of our founders and designers are translated with precision and clarity. His expertise in design and 3D modeling tools, combined with his meticulous attention to detail, guarantees that each project is executed to the highest technical and visual standards.[\/vc_column_text][\/vc_column][vc_column width=&#8221;1\/2&#8243; css=&#8221;.vc_custom_1759493851036{padding: 20px !important;}&#8221;][vc_single_image image=&#8221;1393&#8243; img_size=&#8221;full&#8221; css=&#8221;.vc_custom_1759493901674{margin-bottom: 7% !important;}&#8221; el_class=&#8221;imagen-100-fila imagen-fila imagen&#8221;][vc_separator color=&#8221;blue&#8221; css=&#8221;&#8221;][vc_column_text css=&#8221;&#8221;]<\/p>\n<h2>YASMINA SANSALONI RIERA<\/h2>\n<p>[\/vc_column_text][vc_column_text css=&#8221;&#8221;]ARCHITECT. Yasmina Sansaloni Riera joins our studio as a newly graduated architect, bringing freshness, enthusiasm, and a contemporary perspective on architecture. She actively collaborates in design development, project drafting, and the search for creative solutions, contributing her energy and sensitivity to each of the team\u2019s projects.[\/vc_column_text][\/vc_column][\/vc_row]<\/p>\n<\/div>","protected":false},"excerpt":{"rendered":"<p>[vc_row css=&#8221;.vc_custom_1750675647873{margin-top: 75px !important;}&#8221;][vc_column el_class=&#8221;title-container&#8221; css=&#8221;.vc_custom_1748422976893{padding-top: 2% !important;padding-right: 3% !important;padding-bottom: 2% !important;padding-left: 3% !important;}&#8221;][vc_column_text css=&#8221;.vc_custom_1750841334292{margin-top: 0px !important;margin-right: 0px !important;margin-bottom: 0px !important;margin-left: 0px !important;}&#8221;] TEAM [\/vc_column_text][\/vc_column][\/vc_row][vc_row css=&#8221;.vc_custom_1748856280838{margin-top: 5% !important;padding-top: 2% !important;padding-right: 3% !important;padding-bottom: 2% !important;padding-left: 3% !important;}&#8221;][vc_column width=&#8221;3\/4&#8243; css=&#8221;.vc_custom_1748856232461{padding-top: 20px !important;padding-right: 20px !important;padding-bottom: 20px !important;padding-left: 20px !important;}&#8221;][vc_column_text css=&#8221;&#8221; el_class=&#8221;servicetitle&#8221;] OUR STUDIO WAS BORN FROM A COMMITMENT&hellip; <a class=\"more-link\" href=\"https:\/\/meridiaestudio.com\/en\/team\/\">Continue reading <span class=\"screen-reader-text\">Team<\/span><\/a><\/p>\n","protected":false},"author":1,"featured_media":0,"parent":0,"menu_order":0,"comment_status":"closed","ping_status":"closed","template":"","meta":{"footnotes":""},"class_list":["post-1024","page","type-page","status-publish","hentry","entry"],"yoast_head":"<!-- This site is optimized with the Yoast SEO plugin v25.2 - https:\/\/yoast.com\/wordpress\/plugins\/seo\/ -->\n<title>Team - meridiaestudio<\/title>\n<meta name=\"robots\" content=\"index, follow, max-snippet:-1, max-image-preview:large, max-video-preview:-1\" \/>\n<link rel=\"canonical\" href=\"https:\/\/meridiaestudio.com\/en\/team\/\" \/>\n<meta property=\"og:locale\" content=\"en_US\" \/>\n<meta property=\"og:type\" content=\"article\" \/>\n<meta property=\"og:title\" content=\"Team - meridiaestudio\" \/>\n<meta property=\"og:description\" content=\"[vc_row css=&#8221;.vc_custom_1750675647873{margin-top: 75px !important;}&#8221;][vc_column el_class=&#8221;title-container&#8221; css=&#8221;.vc_custom_1748422976893{padding-top: 2% !important;padding-right: 3% !important;padding-bottom: 2% !important;padding-left: 3% !important;}&#8221;][vc_column_text css=&#8221;.vc_custom_1750841334292{margin-top: 0px !important;margin-right: 0px !important;margin-bottom: 0px !important;margin-left: 0px !important;}&#8221;] TEAM [\/vc_column_text][\/vc_column][\/vc_row][vc_row css=&#8221;.vc_custom_1748856280838{margin-top: 5% !important;padding-top: 2% !important;padding-right: 3% !important;padding-bottom: 2% !important;padding-left: 3% !important;}&#8221;][vc_column width=&#8221;3\/4&#8243; css=&#8221;.vc_custom_1748856232461{padding-top: 20px !important;padding-right: 20px !important;padding-bottom: 20px !important;padding-left: 20px !important;}&#8221;][vc_column_text css=&#8221;&#8221; el_class=&#8221;servicetitle&#8221;] OUR STUDIO WAS BORN FROM A COMMITMENT&hellip; Continue reading Team\" \/>\n<meta property=\"og:url\" content=\"https:\/\/meridiaestudio.com\/en\/team\/\" \/>\n<meta property=\"og:site_name\" content=\"meridiaestudio\" \/>\n<meta property=\"article:publisher\" content=\"https:\/\/www.facebook.com\/meridiaestudio\" \/>\n<meta property=\"article:modified_time\" content=\"2025-10-03T12:18:27+00:00\" \/>\n<meta property=\"og:image\" content=\"https:\/\/meridiaestudio.com\/wp-content\/uploads\/2025\/05\/Image07.webp\" \/>\n\t<meta property=\"og:image:width\" content=\"1920\" \/>\n\t<meta property=\"og:image:height\" content=\"1280\" \/>\n\t<meta property=\"og:image:type\" content=\"image\/webp\" \/>\n<meta name=\"twitter:card\" content=\"summary_large_image\" \/>\n<meta name=\"twitter:label1\" content=\"Est. reading time\" \/>\n\t<meta name=\"twitter:data1\" content=\"4 minutes\" \/>\n<script type=\"application\/ld+json\" class=\"yoast-schema-graph\">{\"@context\":\"https:\/\/schema.org\",\"@graph\":[{\"@type\":\"WebPage\",\"@id\":\"https:\/\/meridiaestudio.com\/en\/team\/\",\"url\":\"https:\/\/meridiaestudio.com\/en\/team\/\",\"name\":\"Team - meridiaestudio\",\"isPartOf\":{\"@id\":\"https:\/\/meridiaestudio.com\/#website\"},\"datePublished\":\"2025-04-29T08:57:00+00:00\",\"dateModified\":\"2025-10-03T12:18:27+00:00\",\"breadcrumb\":{\"@id\":\"https:\/\/meridiaestudio.com\/en\/team\/#breadcrumb\"},\"inLanguage\":\"en-US\",\"potentialAction\":[{\"@type\":\"ReadAction\",\"target\":[\"https:\/\/meridiaestudio.com\/en\/team\/\"]}]},{\"@type\":\"BreadcrumbList\",\"@id\":\"https:\/\/meridiaestudio.com\/en\/team\/#breadcrumb\",\"itemListElement\":[{\"@type\":\"ListItem\",\"position\":1,\"name\":\"Portada\",\"item\":\"https:\/\/meridiaestudio.com\/en\/\"},{\"@type\":\"ListItem\",\"position\":2,\"name\":\"Team\"}]},{\"@type\":\"WebSite\",\"@id\":\"https:\/\/meridiaestudio.com\/#website\",\"url\":\"https:\/\/meridiaestudio.com\/\",\"name\":\"www.meridiaestudio.com\",\"description\":\"Estudio de dise\u00f1o Arquitect\u00f3nico en el coraz\u00f3n de Ibiza\",\"publisher\":{\"@id\":\"https:\/\/meridiaestudio.com\/#organization\"},\"alternateName\":\"Meridi\u00e0 Estudio\",\"potentialAction\":[{\"@type\":\"SearchAction\",\"target\":{\"@type\":\"EntryPoint\",\"urlTemplate\":\"https:\/\/meridiaestudio.com\/?s={search_term_string}\"},\"query-input\":{\"@type\":\"PropertyValueSpecification\",\"valueRequired\":true,\"valueName\":\"search_term_string\"}}],\"inLanguage\":\"en-US\"},{\"@type\":\"Organization\",\"@id\":\"https:\/\/meridiaestudio.com\/#organization\",\"name\":\"Meridi\u00e0 Estudio\",\"url\":\"https:\/\/meridiaestudio.com\/\",\"logo\":{\"@type\":\"ImageObject\",\"inLanguage\":\"en-US\",\"@id\":\"https:\/\/meridiaestudio.com\/#\/schema\/logo\/image\/\",\"url\":\"https:\/\/meridiaestudio.com\/wp-content\/uploads\/2025\/06\/favicon_meridia.png\",\"contentUrl\":\"https:\/\/meridiaestudio.com\/wp-content\/uploads\/2025\/06\/favicon_meridia.png\",\"width\":513,\"height\":513,\"caption\":\"Meridi\u00e0 Estudio\"},\"image\":{\"@id\":\"https:\/\/meridiaestudio.com\/#\/schema\/logo\/image\/\"},\"sameAs\":[\"https:\/\/www.facebook.com\/meridiaestudio\",\"https:\/\/www.instagram.com\/meridia_estudio\/?hl=es\"]}]}<\/script>\n<!-- \/ Yoast SEO plugin. -->","yoast_head_json":{"title":"Team - meridiaestudio","robots":{"index":"index","follow":"follow","max-snippet":"max-snippet:-1","max-image-preview":"max-image-preview:large","max-video-preview":"max-video-preview:-1"},"canonical":"https:\/\/meridiaestudio.com\/en\/team\/","og_locale":"en_US","og_type":"article","og_title":"Team - meridiaestudio","og_description":"[vc_row css=&#8221;.vc_custom_1750675647873{margin-top: 75px !important;}&#8221;][vc_column el_class=&#8221;title-container&#8221; css=&#8221;.vc_custom_1748422976893{padding-top: 2% !important;padding-right: 3% !important;padding-bottom: 2% !important;padding-left: 3% !important;}&#8221;][vc_column_text css=&#8221;.vc_custom_1750841334292{margin-top: 0px !important;margin-right: 0px !important;margin-bottom: 0px !important;margin-left: 0px !important;}&#8221;] TEAM [\/vc_column_text][\/vc_column][\/vc_row][vc_row css=&#8221;.vc_custom_1748856280838{margin-top: 5% !important;padding-top: 2% !important;padding-right: 3% !important;padding-bottom: 2% !important;padding-left: 3% !important;}&#8221;][vc_column width=&#8221;3\/4&#8243; css=&#8221;.vc_custom_1748856232461{padding-top: 20px !important;padding-right: 20px !important;padding-bottom: 20px !important;padding-left: 20px !important;}&#8221;][vc_column_text css=&#8221;&#8221; el_class=&#8221;servicetitle&#8221;] OUR STUDIO WAS BORN FROM A COMMITMENT&hellip; Continue reading Team","og_url":"https:\/\/meridiaestudio.com\/en\/team\/","og_site_name":"meridiaestudio","article_publisher":"https:\/\/www.facebook.com\/meridiaestudio","article_modified_time":"2025-10-03T12:18:27+00:00","og_image":[{"width":1920,"height":1280,"url":"https:\/\/meridiaestudio.com\/wp-content\/uploads\/2025\/05\/Image07.webp","type":"image\/webp"}],"twitter_card":"summary_large_image","twitter_misc":{"Est. reading time":"4 minutes"},"schema":{"@context":"https:\/\/schema.org","@graph":[{"@type":"WebPage","@id":"https:\/\/meridiaestudio.com\/en\/team\/","url":"https:\/\/meridiaestudio.com\/en\/team\/","name":"Team - meridiaestudio","isPartOf":{"@id":"https:\/\/meridiaestudio.com\/#website"},"datePublished":"2025-04-29T08:57:00+00:00","dateModified":"2025-10-03T12:18:27+00:00","breadcrumb":{"@id":"https:\/\/meridiaestudio.com\/en\/team\/#breadcrumb"},"inLanguage":"en-US","potentialAction":[{"@type":"ReadAction","target":["https:\/\/meridiaestudio.com\/en\/team\/"]}]},{"@type":"BreadcrumbList","@id":"https:\/\/meridiaestudio.com\/en\/team\/#breadcrumb","itemListElement":[{"@type":"ListItem","position":1,"name":"Portada","item":"https:\/\/meridiaestudio.com\/en\/"},{"@type":"ListItem","position":2,"name":"Team"}]},{"@type":"WebSite","@id":"https:\/\/meridiaestudio.com\/#website","url":"https:\/\/meridiaestudio.com\/","name":"www.meridiaestudio.com","description":"Estudio de dise\u00f1o Arquitect\u00f3nico en el coraz\u00f3n de Ibiza","publisher":{"@id":"https:\/\/meridiaestudio.com\/#organization"},"alternateName":"Meridi\u00e0 Estudio","potentialAction":[{"@type":"SearchAction","target":{"@type":"EntryPoint","urlTemplate":"https:\/\/meridiaestudio.com\/?s={search_term_string}"},"query-input":{"@type":"PropertyValueSpecification","valueRequired":true,"valueName":"search_term_string"}}],"inLanguage":"en-US"},{"@type":"Organization","@id":"https:\/\/meridiaestudio.com\/#organization","name":"Meridi\u00e0 Estudio","url":"https:\/\/meridiaestudio.com\/","logo":{"@type":"ImageObject","inLanguage":"en-US","@id":"https:\/\/meridiaestudio.com\/#\/schema\/logo\/image\/","url":"https:\/\/meridiaestudio.com\/wp-content\/uploads\/2025\/06\/favicon_meridia.png","contentUrl":"https:\/\/meridiaestudio.com\/wp-content\/uploads\/2025\/06\/favicon_meridia.png","width":513,"height":513,"caption":"Meridi\u00e0 Estudio"},"image":{"@id":"https:\/\/meridiaestudio.com\/#\/schema\/logo\/image\/"},"sameAs":["https:\/\/www.facebook.com\/meridiaestudio","https:\/\/www.instagram.com\/meridia_estudio\/?hl=es"]}]}},"_links":{"self":[{"href":"https:\/\/meridiaestudio.com\/en\/wp-json\/wp\/v2\/pages\/1024","targetHints":{"allow":["GET"]}}],"collection":[{"href":"https:\/\/meridiaestudio.com\/en\/wp-json\/wp\/v2\/pages"}],"about":[{"href":"https:\/\/meridiaestudio.com\/en\/wp-json\/wp\/v2\/types\/page"}],"author":[{"embeddable":true,"href":"https:\/\/meridiaestudio.com\/en\/wp-json\/wp\/v2\/users\/1"}],"replies":[{"embeddable":true,"href":"https:\/\/meridiaestudio.com\/en\/wp-json\/wp\/v2\/comments?post=1024"}],"version-history":[{"count":6,"href":"https:\/\/meridiaestudio.com\/en\/wp-json\/wp\/v2\/pages\/1024\/revisions"}],"predecessor-version":[{"id":1025,"href":"https:\/\/meridiaestudio.com\/en\/wp-json\/wp\/v2\/pages\/1024\/revisions\/1025"}],"wp:attachment":[{"href":"https:\/\/meridiaestudio.com\/en\/wp-json\/wp\/v2\/media?parent=1024"}],"curies":[{"name":"wp","href":"https:\/\/api.w.org\/{rel}","templated":true}]}}