{"id":1028,"date":"2025-05-09T14:08:15","date_gmt":"2025-05-09T12:08:15","guid":{"rendered":"https:\/\/meridiaestudio.com\/servicios\/"},"modified":"2025-08-01T11:58:27","modified_gmt":"2025-08-01T09:58:27","slug":"services","status":"publish","type":"page","link":"https:\/\/meridiaestudio.com\/en\/services\/","title":{"rendered":"Services"},"content":{"rendered":"<div class=\"wpb-content-wrapper\"><p>[vc_row css=&#8221;.vc_custom_1750675718616{margin-top: 75px !important;}&#8221;][vc_column el_class=&#8221;title-container&#8221; css=&#8221;.vc_custom_1748423774701{padding-top: 3% !important;padding-right: 3% !important;padding-bottom: 3% !important;padding-left: 3% !important;}&#8221;][vc_column_text css=&#8221;.vc_custom_1750844138767{margin-top: 0px !important;margin-right: 0px !important;margin-bottom: 0px !important;margin-left: 0px !important;}&#8221;]<\/p>\n<h1 style=\"font-size: 48px;\">SERVICES<\/h1>\n<p>[\/vc_column_text][\/vc_column][\/vc_row][vc_row css=&#8221;.vc_custom_1748857063373{margin-top: 5% !important;padding-top: 2% !important;padding-right: 3% !important;padding-bottom: 2% !important;padding-left: 3% !important;}&#8221;][vc_column width=&#8221;3\/4&#8243; css=&#8221;.vc_custom_1747996673123{padding: 20px !important;}&#8221;][vc_column_text css=&#8221;.vc_custom_1751007649173{margin-top: 0px !important;margin-right: 0px !important;margin-bottom: 35px !important;margin-left: 0px !important;}&#8221; el_class=&#8221;servicetitle&#8221;]<\/p>\n<h2>OUR SERVICES ARE DESIGNED TO ADDRESS EVERY STAGE OF A PROJECT, ADAPTING TO THE CLIENT\u2019S NEEDS WITH ARCHITECTURE THAT IS FUNCTIONAL, HONEST, AND DEEPLY CONNECTED TO IBIZA.<\/h2>\n<p>[\/vc_column_text][\/vc_column][vc_column width=&#8221;1\/4&#8243;][\/vc_column][\/vc_row][vc_row equal_height=&#8221;yes&#8221; content_placement=&#8221;bottom&#8221; css=&#8221;.vc_custom_1747995791013{padding-right: 3% !important;padding-left: 3% !important;}&#8221;][vc_column width=&#8221;1\/2&#8243; el_class=&#8221;col-1&#8243;][vc_single_image image=&#8221;644&#8243; img_size=&#8221;full&#8221; css=&#8221;&#8221; el_class=&#8221;imagen&#8221;][\/vc_column][vc_column width=&#8221;1\/2&#8243; css=&#8221;.vc_custom_1748852610435{padding-top: 20px !important;padding-right: 20px !important;padding-bottom: 20px !important;padding-left: 20px !important;}&#8221; el_class=&#8221;col-2&#8243;][vc_column_text css=&#8221;&#8221; el_class=&#8221;servicetitle&#8221;]<\/p>\n<h3>COMPREHENSIVE PROJECT AND CONSTRUCTION MANAGEMENT<\/h3>\n<p>[\/vc_column_text][vc_column_text css=&#8221;&#8221;]From sketch to home, we coordinate the entire construction process from start to finish, carefully overseeing every phase. We supervise materials, teams, and timelines to ensure maximum satisfaction for the client and all parties involved.<\/p>\n<p>We use a digital clone methodology that incorporates BIM technology and virtual reality visualization of the final model, allowing us to plan, view, and coordinate every element of the project in a collaborative digital environment\u2014minimizing errors and optimizing resources.[\/vc_column_text][\/vc_column][\/vc_row][vc_row equal_height=&#8221;yes&#8221; content_placement=&#8221;bottom&#8221; css=&#8221;.vc_custom_1747995878494{margin-top: 5% !important;padding-right: 3% !important;padding-left: 3% !important;}&#8221;][vc_column width=&#8221;1\/2&#8243; css=&#8221;.vc_custom_1748852586762{padding-top: 20px !important;padding-right: 20px !important;padding-bottom: 20px !important;padding-left: 20px !important;}&#8221; el_class=&#8221;col-2&#8243;][vc_column_text css=&#8221;&#8221; el_class=&#8221;servicetitle&#8221;]<\/p>\n<h3>NEW-BUILD PROJECTS<\/h3>\n<p>[\/vc_column_text][vc_column_text css=&#8221;&#8221; el_class=&#8221;textoNormal&#8221;]We design homes and spaces from the ground up, with a perspective that combines contemporary design, efficiency, and respect for the surrounding landscape. We build by integrating local elements such as natural stone, lime, and wood\u2014engaging in dialogue with the environment and enhancing the beauty of the local context through a modern, refreshed vision.<\/p>\n<p>Our knowledge of local and municipal regulations allows us to streamline processes and provide clear, hassle-free solutions.[\/vc_column_text][\/vc_column][vc_column width=&#8221;1\/2&#8243; el_class=&#8221;col-1&#8243;][vc_single_image image=&#8221;438&#8243; img_size=&#8221;full&#8221; css=&#8221;&#8221; el_class=&#8221;imagen&#8221;][\/vc_column][\/vc_row][vc_row equal_height=&#8221;yes&#8221; content_placement=&#8221;bottom&#8221; css=&#8221;.vc_custom_1747995901041{margin-top: 5% !important;padding-right: 3% !important;padding-left: 3% !important;}&#8221;][vc_column width=&#8221;1\/2&#8243;][vc_single_image image=&#8221;437&#8243; img_size=&#8221;full&#8221; css=&#8221;&#8221; el_class=&#8221;imagen&#8221;][\/vc_column][vc_column width=&#8221;1\/2&#8243; el_class=&#8221;col-1&#8243;][vc_column_text css=&#8221;&#8221; el_class=&#8221;servicetitle&#8221;]<\/p>\n<h3>RESTORATION, RENOVATION, AND INTERIOR DESIGN PROJECTS<\/h3>\n<p>[\/vc_column_text][vc_column_text css=&#8221;&#8221; el_class=&#8221;textoNormal&#8221;]At Meridi\u00e0 Estudio, the rehabilitation and renovation of homes is one of our most requested services, especially due to the unique architectural heritage of Ibiza and Formentera. Our location on the island allows us to have a deep understanding of the environment, its regulations, and traditional materials, enabling us to approach each project with sensitivity and precision.<\/p>\n<p>We rehabilitate existing spaces while respecting their essence, but adapting them to contemporary needs and lifestyles. Whether it\u2019s a traditional rural house, a home from the 1980s, or a commercial space, our approach combines functionality, aesthetics, and sustainability.[\/vc_column_text][\/vc_column][\/vc_row][vc_row equal_height=&#8221;yes&#8221; content_placement=&#8221;bottom&#8221; css=&#8221;.vc_custom_1747995920737{margin-top: 5% !important;padding-right: 3% !important;padding-left: 3% !important;}&#8221;][vc_column width=&#8221;1\/2&#8243; css=&#8221;.vc_custom_1748852560851{padding-top: 20px !important;padding-right: 20px !important;padding-bottom: 20px !important;padding-left: 20px !important;}&#8221; el_class=&#8221;col-2&#8243;][vc_column_text css=&#8221;&#8221; el_class=&#8221;servicetitle&#8221;]<\/p>\n<h3>URBAN-SCALE PROJECTS<\/h3>\n<p>[\/vc_column_text][vc_column_text css=&#8221;&#8221; el_class=&#8221;textoNormal&#8221;]Our commitment to landscape and heritage has led us to develop urban-scale projects such as the renovation of the <i>Mercat Vell<\/i>, the creation of public sports areas, participation in public housing and heritage restoration competitions, and artistic interventions throughout the island.<br \/>\nWe are committed to planning that is sensitive to Ibiza\u2019s landscape\u2014respecting its scale, identity, and people.[\/vc_column_text][\/vc_column][vc_column width=&#8221;1\/2&#8243; el_class=&#8221;col-1&#8243;][vc_single_image image=&#8221;434&#8243; img_size=&#8221;full&#8221; css=&#8221;&#8221; el_class=&#8221;imagen&#8221;][\/vc_column][\/vc_row][vc_row equal_height=&#8221;yes&#8221; content_placement=&#8221;bottom&#8221; css=&#8221;.vc_custom_1747995945065{margin-top: 5% !important;padding-right: 3% !important;padding-left: 3% !important;}&#8221;][vc_column width=&#8221;1\/2&#8243; el_class=&#8221;col-1&#8243;][vc_single_image image=&#8221;436&#8243; img_size=&#8221;full&#8221; css=&#8221;&#8221; el_class=&#8221;imagen&#8221;][\/vc_column][vc_column width=&#8221;1\/2&#8243; css=&#8221;.vc_custom_1748852535586{padding-top: 20px !important;padding-right: 20px !important;padding-bottom: 20px !important;padding-left: 20px !important;}&#8221; el_class=&#8221;col-2&#8243;][vc_column_text css=&#8221;&#8221; el_class=&#8221;servicetitle&#8221;]<\/p>\n<h3>ARCHITECTURAL 3D VISUALIZATION<\/h3>\n<p>[\/vc_column_text][vc_column_text css=&#8221;&#8221; el_class=&#8221;textoNormal&#8221;]We create virtual environments to produce photorealistic renders and 3D models that allow clients to visualize the final result before construction begins through virtual reality.<br \/>\nThis is a powerful tool for client decision-making and helps reduce future construction costs by enabling highly detailed planning before the build begins.[\/vc_column_text][\/vc_column][\/vc_row][vc_row equal_height=&#8221;yes&#8221; content_placement=&#8221;bottom&#8221; css=&#8221;.vc_custom_1748852516226{margin-top: 5% !important;padding-right: 3% !important;padding-left: 3% !important;}&#8221; el_class=&#8221;col-1&#8243;][vc_column width=&#8221;1\/2&#8243; css=&#8221;.vc_custom_1748852527323{padding-top: 20px !important;padding-right: 20px !important;padding-bottom: 20px !important;padding-left: 20px !important;}&#8221; el_class=&#8221;col-2&#8243;][vc_column_text css=&#8221;&#8221; el_class=&#8221;servicetitle&#8221;]<\/p>\n<h3>TECHNICAL DOCUMENTATION PROCESSING<\/h3>\n<p>[\/vc_column_text][vc_column_text css=&#8221;&#8221; el_class=&#8221;textoNormal&#8221;]<\/p>\n<p data-start=\"0\" data-end=\"323\">We handle all the technical and administrative management necessary to ensure that your project complies with current regulations in Ibiza. We also carry out urban planning studies to certify that existing constructions have all the required documentation for legal compliance, preventing future issues or unforeseen costs.<\/p>\n<p data-start=\"325\" data-end=\"553\">From the beginning to the closure of the file, we support you every step of the way. We process energy certificates, legalizations, new construction certificates, urban planning permits, and all types of technical documentation.<\/p>\n<p data-start=\"555\" data-end=\"669\" data-is-last-node=\"\" data-is-only-node=\"\">We are committed to planning that is sensitive to the Ibiza landscape, respecting its scale, identity, and people.<\/p>\n<p>[\/vc_column_text][\/vc_column][vc_column width=&#8221;1\/2&#8243;][vc_single_image image=&#8221;386&#8243; img_size=&#8221;full&#8221; css=&#8221;&#8221; el_class=&#8221;imagen&#8221;][\/vc_column][\/vc_row]<\/p>\n<\/div>","protected":false},"excerpt":{"rendered":"<p>[vc_row css=&#8221;.vc_custom_1750675718616{margin-top: 75px !important;}&#8221;][vc_column el_class=&#8221;title-container&#8221; css=&#8221;.vc_custom_1748423774701{padding-top: 3% !important;padding-right: 3% !important;padding-bottom: 3% !important;padding-left: 3% !important;}&#8221;][vc_column_text css=&#8221;.vc_custom_1750844138767{margin-top: 0px !important;margin-right: 0px !important;margin-bottom: 0px !important;margin-left: 0px !important;}&#8221;] SERVICES [\/vc_column_text][\/vc_column][\/vc_row][vc_row css=&#8221;.vc_custom_1748857063373{margin-top: 5% !important;padding-top: 2% !important;padding-right: 3% !important;padding-bottom: 2% !important;padding-left: 3% !important;}&#8221;][vc_column width=&#8221;3\/4&#8243; css=&#8221;.vc_custom_1747996673123{padding: 20px !important;}&#8221;][vc_column_text css=&#8221;.vc_custom_1751007649173{margin-top: 0px !important;margin-right: 0px !important;margin-bottom: 35px !important;margin-left: 0px !important;}&#8221; el_class=&#8221;servicetitle&#8221;] OUR SERVICES ARE DESIGNED TO&hellip; <a class=\"more-link\" href=\"https:\/\/meridiaestudio.com\/en\/services\/\">Continue reading <span class=\"screen-reader-text\">Services<\/span><\/a><\/p>\n","protected":false},"author":1,"featured_media":0,"parent":0,"menu_order":0,"comment_status":"closed","ping_status":"closed","template":"","meta":{"footnotes":""},"class_list":["post-1028","page","type-page","status-publish","hentry","entry"],"yoast_head":"<!-- This site is optimized with the Yoast SEO plugin v25.2 - https:\/\/yoast.com\/wordpress\/plugins\/seo\/ -->\n<title>Services - meridiaestudio<\/title>\n<meta name=\"robots\" content=\"index, follow, max-snippet:-1, max-image-preview:large, max-video-preview:-1\" \/>\n<link rel=\"canonical\" href=\"https:\/\/meridiaestudio.com\/en\/services\/\" \/>\n<meta property=\"og:locale\" content=\"en_US\" \/>\n<meta property=\"og:type\" content=\"article\" \/>\n<meta property=\"og:title\" content=\"Services - meridiaestudio\" \/>\n<meta property=\"og:description\" content=\"[vc_row css=&#8221;.vc_custom_1750675718616{margin-top: 75px !important;}&#8221;][vc_column el_class=&#8221;title-container&#8221; css=&#8221;.vc_custom_1748423774701{padding-top: 3% !important;padding-right: 3% !important;padding-bottom: 3% !important;padding-left: 3% !important;}&#8221;][vc_column_text css=&#8221;.vc_custom_1750844138767{margin-top: 0px !important;margin-right: 0px !important;margin-bottom: 0px !important;margin-left: 0px !important;}&#8221;] SERVICES [\/vc_column_text][\/vc_column][\/vc_row][vc_row css=&#8221;.vc_custom_1748857063373{margin-top: 5% !important;padding-top: 2% !important;padding-right: 3% !important;padding-bottom: 2% !important;padding-left: 3% !important;}&#8221;][vc_column width=&#8221;3\/4&#8243; css=&#8221;.vc_custom_1747996673123{padding: 20px !important;}&#8221;][vc_column_text css=&#8221;.vc_custom_1751007649173{margin-top: 0px !important;margin-right: 0px !important;margin-bottom: 35px !important;margin-left: 0px !important;}&#8221; el_class=&#8221;servicetitle&#8221;] OUR SERVICES ARE DESIGNED TO&hellip; Continue reading Services\" \/>\n<meta property=\"og:url\" content=\"https:\/\/meridiaestudio.com\/en\/services\/\" \/>\n<meta property=\"og:site_name\" content=\"meridiaestudio\" \/>\n<meta property=\"article:publisher\" content=\"https:\/\/www.facebook.com\/meridiaestudio\" \/>\n<meta property=\"article:modified_time\" content=\"2025-08-01T09:58:27+00:00\" \/>\n<meta property=\"og:image\" content=\"https:\/\/meridiaestudio.com\/wp-content\/uploads\/2025\/05\/Image07.webp\" \/>\n\t<meta property=\"og:image:width\" content=\"1920\" \/>\n\t<meta property=\"og:image:height\" content=\"1280\" \/>\n\t<meta property=\"og:image:type\" content=\"image\/webp\" \/>\n<meta name=\"twitter:card\" content=\"summary_large_image\" \/>\n<meta name=\"twitter:label1\" content=\"Est. reading time\" \/>\n\t<meta name=\"twitter:data1\" content=\"5 minutes\" \/>\n<script type=\"application\/ld+json\" class=\"yoast-schema-graph\">{\"@context\":\"https:\/\/schema.org\",\"@graph\":[{\"@type\":\"WebPage\",\"@id\":\"https:\/\/meridiaestudio.com\/en\/services\/\",\"url\":\"https:\/\/meridiaestudio.com\/en\/services\/\",\"name\":\"Services - meridiaestudio\",\"isPartOf\":{\"@id\":\"https:\/\/meridiaestudio.com\/#website\"},\"datePublished\":\"2025-05-09T12:08:15+00:00\",\"dateModified\":\"2025-08-01T09:58:27+00:00\",\"breadcrumb\":{\"@id\":\"https:\/\/meridiaestudio.com\/en\/services\/#breadcrumb\"},\"inLanguage\":\"en-US\",\"potentialAction\":[{\"@type\":\"ReadAction\",\"target\":[\"https:\/\/meridiaestudio.com\/en\/services\/\"]}]},{\"@type\":\"BreadcrumbList\",\"@id\":\"https:\/\/meridiaestudio.com\/en\/services\/#breadcrumb\",\"itemListElement\":[{\"@type\":\"ListItem\",\"position\":1,\"name\":\"Portada\",\"item\":\"https:\/\/meridiaestudio.com\/en\/\"},{\"@type\":\"ListItem\",\"position\":2,\"name\":\"Services\"}]},{\"@type\":\"WebSite\",\"@id\":\"https:\/\/meridiaestudio.com\/#website\",\"url\":\"https:\/\/meridiaestudio.com\/\",\"name\":\"www.meridiaestudio.com\",\"description\":\"Estudio de dise\u00f1o Arquitect\u00f3nico en el coraz\u00f3n de Ibiza\",\"publisher\":{\"@id\":\"https:\/\/meridiaestudio.com\/#organization\"},\"alternateName\":\"Meridi\u00e0 Estudio\",\"potentialAction\":[{\"@type\":\"SearchAction\",\"target\":{\"@type\":\"EntryPoint\",\"urlTemplate\":\"https:\/\/meridiaestudio.com\/?s={search_term_string}\"},\"query-input\":{\"@type\":\"PropertyValueSpecification\",\"valueRequired\":true,\"valueName\":\"search_term_string\"}}],\"inLanguage\":\"en-US\"},{\"@type\":\"Organization\",\"@id\":\"https:\/\/meridiaestudio.com\/#organization\",\"name\":\"Meridi\u00e0 Estudio\",\"url\":\"https:\/\/meridiaestudio.com\/\",\"logo\":{\"@type\":\"ImageObject\",\"inLanguage\":\"en-US\",\"@id\":\"https:\/\/meridiaestudio.com\/#\/schema\/logo\/image\/\",\"url\":\"https:\/\/meridiaestudio.com\/wp-content\/uploads\/2025\/06\/favicon_meridia.png\",\"contentUrl\":\"https:\/\/meridiaestudio.com\/wp-content\/uploads\/2025\/06\/favicon_meridia.png\",\"width\":513,\"height\":513,\"caption\":\"Meridi\u00e0 Estudio\"},\"image\":{\"@id\":\"https:\/\/meridiaestudio.com\/#\/schema\/logo\/image\/\"},\"sameAs\":[\"https:\/\/www.facebook.com\/meridiaestudio\",\"https:\/\/www.instagram.com\/meridia_estudio\/?hl=es\"]}]}<\/script>\n<!-- \/ Yoast SEO plugin. -->","yoast_head_json":{"title":"Services - meridiaestudio","robots":{"index":"index","follow":"follow","max-snippet":"max-snippet:-1","max-image-preview":"max-image-preview:large","max-video-preview":"max-video-preview:-1"},"canonical":"https:\/\/meridiaestudio.com\/en\/services\/","og_locale":"en_US","og_type":"article","og_title":"Services - meridiaestudio","og_description":"[vc_row css=&#8221;.vc_custom_1750675718616{margin-top: 75px !important;}&#8221;][vc_column el_class=&#8221;title-container&#8221; css=&#8221;.vc_custom_1748423774701{padding-top: 3% !important;padding-right: 3% !important;padding-bottom: 3% !important;padding-left: 3% !important;}&#8221;][vc_column_text css=&#8221;.vc_custom_1750844138767{margin-top: 0px !important;margin-right: 0px !important;margin-bottom: 0px !important;margin-left: 0px !important;}&#8221;] SERVICES [\/vc_column_text][\/vc_column][\/vc_row][vc_row css=&#8221;.vc_custom_1748857063373{margin-top: 5% !important;padding-top: 2% !important;padding-right: 3% !important;padding-bottom: 2% !important;padding-left: 3% !important;}&#8221;][vc_column width=&#8221;3\/4&#8243; css=&#8221;.vc_custom_1747996673123{padding: 20px !important;}&#8221;][vc_column_text css=&#8221;.vc_custom_1751007649173{margin-top: 0px !important;margin-right: 0px !important;margin-bottom: 35px !important;margin-left: 0px !important;}&#8221; el_class=&#8221;servicetitle&#8221;] OUR SERVICES ARE DESIGNED TO&hellip; Continue reading Services","og_url":"https:\/\/meridiaestudio.com\/en\/services\/","og_site_name":"meridiaestudio","article_publisher":"https:\/\/www.facebook.com\/meridiaestudio","article_modified_time":"2025-08-01T09:58:27+00:00","og_image":[{"width":1920,"height":1280,"url":"https:\/\/meridiaestudio.com\/wp-content\/uploads\/2025\/05\/Image07.webp","type":"image\/webp"}],"twitter_card":"summary_large_image","twitter_misc":{"Est. reading time":"5 minutes"},"schema":{"@context":"https:\/\/schema.org","@graph":[{"@type":"WebPage","@id":"https:\/\/meridiaestudio.com\/en\/services\/","url":"https:\/\/meridiaestudio.com\/en\/services\/","name":"Services - meridiaestudio","isPartOf":{"@id":"https:\/\/meridiaestudio.com\/#website"},"datePublished":"2025-05-09T12:08:15+00:00","dateModified":"2025-08-01T09:58:27+00:00","breadcrumb":{"@id":"https:\/\/meridiaestudio.com\/en\/services\/#breadcrumb"},"inLanguage":"en-US","potentialAction":[{"@type":"ReadAction","target":["https:\/\/meridiaestudio.com\/en\/services\/"]}]},{"@type":"BreadcrumbList","@id":"https:\/\/meridiaestudio.com\/en\/services\/#breadcrumb","itemListElement":[{"@type":"ListItem","position":1,"name":"Portada","item":"https:\/\/meridiaestudio.com\/en\/"},{"@type":"ListItem","position":2,"name":"Services"}]},{"@type":"WebSite","@id":"https:\/\/meridiaestudio.com\/#website","url":"https:\/\/meridiaestudio.com\/","name":"www.meridiaestudio.com","description":"Estudio de dise\u00f1o Arquitect\u00f3nico en el coraz\u00f3n de Ibiza","publisher":{"@id":"https:\/\/meridiaestudio.com\/#organization"},"alternateName":"Meridi\u00e0 Estudio","potentialAction":[{"@type":"SearchAction","target":{"@type":"EntryPoint","urlTemplate":"https:\/\/meridiaestudio.com\/?s={search_term_string}"},"query-input":{"@type":"PropertyValueSpecification","valueRequired":true,"valueName":"search_term_string"}}],"inLanguage":"en-US"},{"@type":"Organization","@id":"https:\/\/meridiaestudio.com\/#organization","name":"Meridi\u00e0 Estudio","url":"https:\/\/meridiaestudio.com\/","logo":{"@type":"ImageObject","inLanguage":"en-US","@id":"https:\/\/meridiaestudio.com\/#\/schema\/logo\/image\/","url":"https:\/\/meridiaestudio.com\/wp-content\/uploads\/2025\/06\/favicon_meridia.png","contentUrl":"https:\/\/meridiaestudio.com\/wp-content\/uploads\/2025\/06\/favicon_meridia.png","width":513,"height":513,"caption":"Meridi\u00e0 Estudio"},"image":{"@id":"https:\/\/meridiaestudio.com\/#\/schema\/logo\/image\/"},"sameAs":["https:\/\/www.facebook.com\/meridiaestudio","https:\/\/www.instagram.com\/meridia_estudio\/?hl=es"]}]}},"_links":{"self":[{"href":"https:\/\/meridiaestudio.com\/en\/wp-json\/wp\/v2\/pages\/1028","targetHints":{"allow":["GET"]}}],"collection":[{"href":"https:\/\/meridiaestudio.com\/en\/wp-json\/wp\/v2\/pages"}],"about":[{"href":"https:\/\/meridiaestudio.com\/en\/wp-json\/wp\/v2\/types\/page"}],"author":[{"embeddable":true,"href":"https:\/\/meridiaestudio.com\/en\/wp-json\/wp\/v2\/users\/1"}],"replies":[{"embeddable":true,"href":"https:\/\/meridiaestudio.com\/en\/wp-json\/wp\/v2\/comments?post=1028"}],"version-history":[{"count":10,"href":"https:\/\/meridiaestudio.com\/en\/wp-json\/wp\/v2\/pages\/1028\/revisions"}],"predecessor-version":[{"id":1294,"href":"https:\/\/meridiaestudio.com\/en\/wp-json\/wp\/v2\/pages\/1028\/revisions\/1294"}],"wp:attachment":[{"href":"https:\/\/meridiaestudio.com\/en\/wp-json\/wp\/v2\/media?parent=1028"}],"curies":[{"name":"wp","href":"https:\/\/api.w.org\/{rel}","templated":true}]}}