{"id":1037,"date":"2025-05-27T08:59:40","date_gmt":"2025-05-27T06:59:40","guid":{"rendered":"https:\/\/meridiaestudio.com\/proyectos\/"},"modified":"2025-07-23T10:12:18","modified_gmt":"2025-07-23T08:12:18","slug":"projects","status":"publish","type":"page","link":"https:\/\/meridiaestudio.com\/en\/projects\/","title":{"rendered":"Projects"},"content":{"rendered":"<div class=\"wpb-content-wrapper\"><p>[vc_row el_class=&#8221;title-container&#8221; css=&#8221;.vc_custom_1750675701983{margin-top: 75px !important;}&#8221;][vc_column css=&#8221;.vc_custom_1748422940964{padding-top: 2% !important;padding-right: 3% !important;padding-bottom: 2% !important;padding-left: 3% !important;}&#8221;][vc_column_text css=&#8221;.vc_custom_1750845495650{margin-top: 0px !important;margin-right: 0px !important;margin-bottom: 0px !important;margin-left: 0px !important;}&#8221;]<\/p>\n<h1 style=\"font-size: 48px;\">PROJECTS<\/h1>\n<p>[\/vc_column_text][\/vc_column][\/vc_row][vc_row css=&#8221;.vc_custom_1748328129954{margin-top: 5% !important;padding-right: 3% !important;padding-left: 3% !important;}&#8221;][vc_column][vc_basic_grid post_type=&#8221;proyectos&#8221; max_items=&#8221;-1&#8243; css=&#8221;&#8221; grid_id=&#8221;vc_gid:1753258320786-7bc17142-44bc-1&#8243; el_class=&#8221;proyectosPost&#8221;][\/vc_column][\/vc_row]<\/p>\n<\/div>","protected":false},"excerpt":{"rendered":"<p>[vc_row el_class=&#8221;title-container&#8221; css=&#8221;.vc_custom_1750675701983{margin-top: 75px !important;}&#8221;][vc_column css=&#8221;.vc_custom_1748422940964{padding-top: 2% !important;padding-right: 3% !important;padding-bottom: 2% !important;padding-left: 3% !important;}&#8221;][vc_column_text css=&#8221;.vc_custom_1750845495650{margin-top: 0px !important;margin-right: 0px !important;margin-bottom: 0px !important;margin-left: 0px !important;}&#8221;] PROJECTS [\/vc_column_text][\/vc_column][\/vc_row][vc_row css=&#8221;.vc_custom_1748328129954{margin-top: 5% !important;padding-right: 3% !important;padding-left: 3% !important;}&#8221;][vc_column][vc_basic_grid post_type=&#8221;proyectos&#8221; max_items=&#8221;-1&#8243; css=&#8221;&#8221; grid_id=&#8221;vc_gid:1753258320786-7bc17142-44bc-1&#8243; el_class=&#8221;proyectosPost&#8221;][\/vc_column][\/vc_row]<\/p>\n","protected":false},"author":1,"featured_media":0,"parent":0,"menu_order":0,"comment_status":"closed","ping_status":"closed","template":"","meta":{"footnotes":""},"class_list":["post-1037","page","type-page","status-publish","hentry","entry"],"yoast_head":"<!-- This site is optimized with the Yoast SEO plugin v25.2 - https:\/\/yoast.com\/wordpress\/plugins\/seo\/ -->\n<title>Projects - meridiaestudio<\/title>\n<meta name=\"robots\" content=\"index, follow, max-snippet:-1, max-image-preview:large, max-video-preview:-1\" \/>\n<link rel=\"canonical\" href=\"https:\/\/meridiaestudio.com\/en\/projects\/\" \/>\n<meta property=\"og:locale\" content=\"en_US\" \/>\n<meta property=\"og:type\" content=\"article\" \/>\n<meta property=\"og:title\" content=\"Projects - meridiaestudio\" \/>\n<meta property=\"og:description\" content=\"[vc_row el_class=&#8221;title-container&#8221; css=&#8221;.vc_custom_1750675701983{margin-top: 75px !important;}&#8221;][vc_column css=&#8221;.vc_custom_1748422940964{padding-top: 2% !important;padding-right: 3% !important;padding-bottom: 2% !important;padding-left: 3% !important;}&#8221;][vc_column_text css=&#8221;.vc_custom_1750845495650{margin-top: 0px !important;margin-right: 0px !important;margin-bottom: 0px !important;margin-left: 0px !important;}&#8221;] PROJECTS [\/vc_column_text][\/vc_column][\/vc_row][vc_row css=&#8221;.vc_custom_1748328129954{margin-top: 5% !important;padding-right: 3% !important;padding-left: 3% !important;}&#8221;][vc_column][vc_basic_grid post_type=&#8221;proyectos&#8221; max_items=&#8221;-1&#8243; css=&#8221;&#8221; grid_id=&#8221;vc_gid:1753258320786-7bc17142-44bc-1&#8243; el_class=&#8221;proyectosPost&#8221;][\/vc_column][\/vc_row]\" \/>\n<meta property=\"og:url\" content=\"https:\/\/meridiaestudio.com\/en\/projects\/\" \/>\n<meta property=\"og:site_name\" content=\"meridiaestudio\" \/>\n<meta property=\"article:publisher\" content=\"https:\/\/www.facebook.com\/meridiaestudio\" \/>\n<meta property=\"article:modified_time\" content=\"2025-07-23T08:12:18+00:00\" \/>\n<meta property=\"og:image\" content=\"https:\/\/meridiaestudio.com\/wp-content\/uploads\/2025\/05\/Image07.webp\" \/>\n\t<meta property=\"og:image:width\" content=\"1920\" \/>\n\t<meta property=\"og:image:height\" content=\"1280\" \/>\n\t<meta property=\"og:image:type\" content=\"image\/webp\" \/>\n<meta name=\"twitter:card\" content=\"summary_large_image\" \/>\n<meta name=\"twitter:label1\" content=\"Est. reading time\" \/>\n\t<meta name=\"twitter:data1\" content=\"1 minute\" \/>\n<script type=\"application\/ld+json\" class=\"yoast-schema-graph\">{\"@context\":\"https:\/\/schema.org\",\"@graph\":[{\"@type\":\"WebPage\",\"@id\":\"https:\/\/meridiaestudio.com\/en\/projects\/\",\"url\":\"https:\/\/meridiaestudio.com\/en\/projects\/\",\"name\":\"Projects - meridiaestudio\",\"isPartOf\":{\"@id\":\"https:\/\/meridiaestudio.com\/#website\"},\"datePublished\":\"2025-05-27T06:59:40+00:00\",\"dateModified\":\"2025-07-23T08:12:18+00:00\",\"breadcrumb\":{\"@id\":\"https:\/\/meridiaestudio.com\/en\/projects\/#breadcrumb\"},\"inLanguage\":\"en-US\",\"potentialAction\":[{\"@type\":\"ReadAction\",\"target\":[\"https:\/\/meridiaestudio.com\/en\/projects\/\"]}]},{\"@type\":\"BreadcrumbList\",\"@id\":\"https:\/\/meridiaestudio.com\/en\/projects\/#breadcrumb\",\"itemListElement\":[{\"@type\":\"ListItem\",\"position\":1,\"name\":\"Portada\",\"item\":\"https:\/\/meridiaestudio.com\/en\/\"},{\"@type\":\"ListItem\",\"position\":2,\"name\":\"Projects\"}]},{\"@type\":\"WebSite\",\"@id\":\"https:\/\/meridiaestudio.com\/#website\",\"url\":\"https:\/\/meridiaestudio.com\/\",\"name\":\"www.meridiaestudio.com\",\"description\":\"Estudio de dise\u00f1o Arquitect\u00f3nico en el coraz\u00f3n de Ibiza\",\"publisher\":{\"@id\":\"https:\/\/meridiaestudio.com\/#organization\"},\"alternateName\":\"Meridi\u00e0 Estudio\",\"potentialAction\":[{\"@type\":\"SearchAction\",\"target\":{\"@type\":\"EntryPoint\",\"urlTemplate\":\"https:\/\/meridiaestudio.com\/?s={search_term_string}\"},\"query-input\":{\"@type\":\"PropertyValueSpecification\",\"valueRequired\":true,\"valueName\":\"search_term_string\"}}],\"inLanguage\":\"en-US\"},{\"@type\":\"Organization\",\"@id\":\"https:\/\/meridiaestudio.com\/#organization\",\"name\":\"Meridi\u00e0 Estudio\",\"url\":\"https:\/\/meridiaestudio.com\/\",\"logo\":{\"@type\":\"ImageObject\",\"inLanguage\":\"en-US\",\"@id\":\"https:\/\/meridiaestudio.com\/#\/schema\/logo\/image\/\",\"url\":\"https:\/\/meridiaestudio.com\/wp-content\/uploads\/2025\/06\/favicon_meridia.png\",\"contentUrl\":\"https:\/\/meridiaestudio.com\/wp-content\/uploads\/2025\/06\/favicon_meridia.png\",\"width\":513,\"height\":513,\"caption\":\"Meridi\u00e0 Estudio\"},\"image\":{\"@id\":\"https:\/\/meridiaestudio.com\/#\/schema\/logo\/image\/\"},\"sameAs\":[\"https:\/\/www.facebook.com\/meridiaestudio\",\"https:\/\/www.instagram.com\/meridia_estudio\/?hl=es\"]}]}<\/script>\n<!-- \/ Yoast SEO plugin. -->","yoast_head_json":{"title":"Projects - meridiaestudio","robots":{"index":"index","follow":"follow","max-snippet":"max-snippet:-1","max-image-preview":"max-image-preview:large","max-video-preview":"max-video-preview:-1"},"canonical":"https:\/\/meridiaestudio.com\/en\/projects\/","og_locale":"en_US","og_type":"article","og_title":"Projects - meridiaestudio","og_description":"[vc_row el_class=&#8221;title-container&#8221; css=&#8221;.vc_custom_1750675701983{margin-top: 75px !important;}&#8221;][vc_column css=&#8221;.vc_custom_1748422940964{padding-top: 2% !important;padding-right: 3% !important;padding-bottom: 2% !important;padding-left: 3% !important;}&#8221;][vc_column_text css=&#8221;.vc_custom_1750845495650{margin-top: 0px !important;margin-right: 0px !important;margin-bottom: 0px !important;margin-left: 0px !important;}&#8221;] PROJECTS [\/vc_column_text][\/vc_column][\/vc_row][vc_row css=&#8221;.vc_custom_1748328129954{margin-top: 5% !important;padding-right: 3% !important;padding-left: 3% !important;}&#8221;][vc_column][vc_basic_grid post_type=&#8221;proyectos&#8221; max_items=&#8221;-1&#8243; css=&#8221;&#8221; grid_id=&#8221;vc_gid:1753258320786-7bc17142-44bc-1&#8243; el_class=&#8221;proyectosPost&#8221;][\/vc_column][\/vc_row]","og_url":"https:\/\/meridiaestudio.com\/en\/projects\/","og_site_name":"meridiaestudio","article_publisher":"https:\/\/www.facebook.com\/meridiaestudio","article_modified_time":"2025-07-23T08:12:18+00:00","og_image":[{"width":1920,"height":1280,"url":"https:\/\/meridiaestudio.com\/wp-content\/uploads\/2025\/05\/Image07.webp","type":"image\/webp"}],"twitter_card":"summary_large_image","twitter_misc":{"Est. reading time":"1 minute"},"schema":{"@context":"https:\/\/schema.org","@graph":[{"@type":"WebPage","@id":"https:\/\/meridiaestudio.com\/en\/projects\/","url":"https:\/\/meridiaestudio.com\/en\/projects\/","name":"Projects - meridiaestudio","isPartOf":{"@id":"https:\/\/meridiaestudio.com\/#website"},"datePublished":"2025-05-27T06:59:40+00:00","dateModified":"2025-07-23T08:12:18+00:00","breadcrumb":{"@id":"https:\/\/meridiaestudio.com\/en\/projects\/#breadcrumb"},"inLanguage":"en-US","potentialAction":[{"@type":"ReadAction","target":["https:\/\/meridiaestudio.com\/en\/projects\/"]}]},{"@type":"BreadcrumbList","@id":"https:\/\/meridiaestudio.com\/en\/projects\/#breadcrumb","itemListElement":[{"@type":"ListItem","position":1,"name":"Portada","item":"https:\/\/meridiaestudio.com\/en\/"},{"@type":"ListItem","position":2,"name":"Projects"}]},{"@type":"WebSite","@id":"https:\/\/meridiaestudio.com\/#website","url":"https:\/\/meridiaestudio.com\/","name":"www.meridiaestudio.com","description":"Estudio de dise\u00f1o Arquitect\u00f3nico en el coraz\u00f3n de Ibiza","publisher":{"@id":"https:\/\/meridiaestudio.com\/#organization"},"alternateName":"Meridi\u00e0 Estudio","potentialAction":[{"@type":"SearchAction","target":{"@type":"EntryPoint","urlTemplate":"https:\/\/meridiaestudio.com\/?s={search_term_string}"},"query-input":{"@type":"PropertyValueSpecification","valueRequired":true,"valueName":"search_term_string"}}],"inLanguage":"en-US"},{"@type":"Organization","@id":"https:\/\/meridiaestudio.com\/#organization","name":"Meridi\u00e0 Estudio","url":"https:\/\/meridiaestudio.com\/","logo":{"@type":"ImageObject","inLanguage":"en-US","@id":"https:\/\/meridiaestudio.com\/#\/schema\/logo\/image\/","url":"https:\/\/meridiaestudio.com\/wp-content\/uploads\/2025\/06\/favicon_meridia.png","contentUrl":"https:\/\/meridiaestudio.com\/wp-content\/uploads\/2025\/06\/favicon_meridia.png","width":513,"height":513,"caption":"Meridi\u00e0 Estudio"},"image":{"@id":"https:\/\/meridiaestudio.com\/#\/schema\/logo\/image\/"},"sameAs":["https:\/\/www.facebook.com\/meridiaestudio","https:\/\/www.instagram.com\/meridia_estudio\/?hl=es"]}]}},"_links":{"self":[{"href":"https:\/\/meridiaestudio.com\/en\/wp-json\/wp\/v2\/pages\/1037","targetHints":{"allow":["GET"]}}],"collection":[{"href":"https:\/\/meridiaestudio.com\/en\/wp-json\/wp\/v2\/pages"}],"about":[{"href":"https:\/\/meridiaestudio.com\/en\/wp-json\/wp\/v2\/types\/page"}],"author":[{"embeddable":true,"href":"https:\/\/meridiaestudio.com\/en\/wp-json\/wp\/v2\/users\/1"}],"replies":[{"embeddable":true,"href":"https:\/\/meridiaestudio.com\/en\/wp-json\/wp\/v2\/comments?post=1037"}],"version-history":[{"count":4,"href":"https:\/\/meridiaestudio.com\/en\/wp-json\/wp\/v2\/pages\/1037\/revisions"}],"predecessor-version":[{"id":1267,"href":"https:\/\/meridiaestudio.com\/en\/wp-json\/wp\/v2\/pages\/1037\/revisions\/1267"}],"wp:attachment":[{"href":"https:\/\/meridiaestudio.com\/en\/wp-json\/wp\/v2\/media?parent=1037"}],"curies":[{"name":"wp","href":"https:\/\/api.w.org\/{rel}","templated":true}]}}