{"id":1068,"date":"2025-04-29T10:57:00","date_gmt":"2025-04-29T08:57:00","guid":{"rendered":"https:\/\/meridiaestudio.com\/contacto\/"},"modified":"2025-06-25T13:33:27","modified_gmt":"2025-06-25T11:33:27","slug":"contact","status":"publish","type":"page","link":"https:\/\/meridiaestudio.com\/en\/contact\/","title":{"rendered":"Contact"},"content":{"rendered":"<div class=\"wpb-content-wrapper\"><p>[vc_row equal_height=&#8221;yes&#8221; css=&#8221;.vc_custom_1750675629538{margin-top: 75px !important;padding-top: 0px !important;padding-right: 0px !important;padding-bottom: 0px !important;padding-left: 0px !important;}&#8221;][vc_column width=&#8221;2\/3&#8243; el_class=&#8221;maps border-blue&#8221;][vc_goo_maps location=&#8221;Meridi\u00e0 Estudio &#8211; Carrer del Metge Riera Ferrer, 16, 4\u00baC, 07800 Ibiza, Balearic Islands&#8221; zoom=&#8221;80&#8243; css=&#8221;.vc_custom_1748262424136{margin-top: 0px !important;margin-right: 0px !important;margin-bottom: 0px !important;margin-left: 0px !important;}&#8221;][\/vc_column][vc_column width=&#8221;1\/3&#8243; el_class=&#8221;contactflex-column-space&#8221; css=&#8221;.vc_custom_1748851038549{padding-top: 3% !important;padding-right: 3% !important;padding-bottom: 3% !important;padding-left: 3% !important;}&#8221;][vc_row_inner][vc_column_inner][vc_column_text css=&#8221;&#8221;]<\/p>\n<h1 style=\"font-size: 30px;\"><span style=\"font-weight: 400;\">CARRER DEL METGE RIERA FERRER, 16, 4\u00baC<br \/>\n(IBIZA,\u00a0 BALEARIC ISLANDS)<\/span><\/h1>\n<p>[\/vc_column_text][vc_column_text css=&#8221;.vc_custom_1748262226178{margin-top: 0px !important;margin-right: 0px !important;margin-bottom: 0px !important;margin-left: 0px !important;}&#8221; el_class=&#8221;text-blue&#8221;]<a class=\"text-blue\" style=\"font-size: 30px;\" href=\"tel:+34669281050\">[+34 669 281 050]<\/a>[\/vc_column_text][vc_column_text css=&#8221;.vc_custom_1748262285407{margin-top: 0px !important;margin-right: 0px !important;margin-bottom: 0px !important;margin-left: 0px !important;}&#8221; el_class=&#8221;text-blue&#8221;]<a class=\"text-blue\" style=\"font-size: 30px;\" href=\"tel:+34620696094\">[+34 620 696 094]<\/a>[\/vc_column_text][vc_column_text css=&#8221;&#8221; el_class=&#8221;text-blue&#8221;]<a class=\"text-blue\" style=\"font-size: 30px;\" href=\"mailto:info@meridiaestudio.com\" target=\"_blank\" rel=\"noopener\">[info@meridiaestudio.com]<\/a>[\/vc_column_text][\/vc_column_inner][\/vc_row_inner][vc_row_inner][vc_column_inner][vc_column_text css=&#8221;.vc_custom_1748261025916{margin-top: 0px !important;margin-right: 0px !important;margin-bottom: 10px !important;margin-left: 0px !important;}&#8221; el_class=&#8221;text-blue&#8221;]<a class=\"text-blue\" style=\"font-size: 30px;\" href=\"https:\/\/www.facebook.com\/meridiaestudio\" target=\"_blank\" rel=\"noopener\">[FACEBOOK]<\/a>[\/vc_column_text][vc_column_text css=&#8221;.vc_custom_1748261042227{margin-top: 0px !important;margin-right: 0px !important;margin-bottom: 10px !important;margin-left: 0px !important;}&#8221; el_class=&#8221;text-blue&#8221;]<a class=\"text-blue\" style=\"font-size: 30px;\" href=\"https:\/\/www.instagram.com\/meridia_estudio\/?hl=es\" target=\"_blank\" rel=\"noopener\">[INSTAGRAM]<\/a>[\/vc_column_text][\/vc_column_inner][\/vc_row_inner][\/vc_column][\/vc_row]<\/p>\n<\/div>","protected":false},"excerpt":{"rendered":"<p>[vc_row equal_height=&#8221;yes&#8221; css=&#8221;.vc_custom_1750675629538{margin-top: 75px !important;padding-top: 0px !important;padding-right: 0px !important;padding-bottom: 0px !important;padding-left: 0px !important;}&#8221;][vc_column width=&#8221;2\/3&#8243; el_class=&#8221;maps border-blue&#8221;][vc_goo_maps location=&#8221;Meridi\u00e0 Estudio &#8211; Carrer del Metge Riera Ferrer, 16, 4\u00baC, 07800 Ibiza, Balearic Islands&#8221; zoom=&#8221;80&#8243; css=&#8221;.vc_custom_1748262424136{margin-top: 0px !important;margin-right: 0px !important;margin-bottom: 0px !important;margin-left: 0px !important;}&#8221;][\/vc_column][vc_column width=&#8221;1\/3&#8243; el_class=&#8221;contactflex-column-space&#8221; css=&#8221;.vc_custom_1748851038549{padding-top: 3% !important;padding-right: 3% !important;padding-bottom: 3% !important;padding-left: 3% !important;}&#8221;][vc_row_inner][vc_column_inner][vc_column_text css=&#8221;&#8221;] CARRER DEL METGE&hellip; <a class=\"more-link\" href=\"https:\/\/meridiaestudio.com\/en\/contact\/\">Continue reading <span class=\"screen-reader-text\">Contact<\/span><\/a><\/p>\n","protected":false},"author":1,"featured_media":0,"parent":0,"menu_order":0,"comment_status":"closed","ping_status":"closed","template":"","meta":{"footnotes":""},"class_list":["post-1068","page","type-page","status-publish","hentry","entry"],"yoast_head":"<!-- This site is optimized with the Yoast SEO plugin v25.2 - https:\/\/yoast.com\/wordpress\/plugins\/seo\/ -->\n<title>Contact - meridiaestudio<\/title>\n<meta name=\"robots\" content=\"index, follow, max-snippet:-1, max-image-preview:large, max-video-preview:-1\" \/>\n<link rel=\"canonical\" href=\"https:\/\/meridiaestudio.com\/en\/contact\/\" \/>\n<meta property=\"og:locale\" content=\"en_US\" \/>\n<meta property=\"og:type\" content=\"article\" \/>\n<meta property=\"og:title\" content=\"Contact - meridiaestudio\" \/>\n<meta property=\"og:description\" content=\"[vc_row equal_height=&#8221;yes&#8221; css=&#8221;.vc_custom_1750675629538{margin-top: 75px !important;padding-top: 0px !important;padding-right: 0px !important;padding-bottom: 0px !important;padding-left: 0px !important;}&#8221;][vc_column width=&#8221;2\/3&#8243; el_class=&#8221;maps border-blue&#8221;][vc_goo_maps location=&#8221;Meridi\u00e0 Estudio &#8211; Carrer del Metge Riera Ferrer, 16, 4\u00baC, 07800 Ibiza, Balearic Islands&#8221; zoom=&#8221;80&#8243; css=&#8221;.vc_custom_1748262424136{margin-top: 0px !important;margin-right: 0px !important;margin-bottom: 0px !important;margin-left: 0px !important;}&#8221;][\/vc_column][vc_column width=&#8221;1\/3&#8243; el_class=&#8221;contactflex-column-space&#8221; css=&#8221;.vc_custom_1748851038549{padding-top: 3% !important;padding-right: 3% !important;padding-bottom: 3% !important;padding-left: 3% !important;}&#8221;][vc_row_inner][vc_column_inner][vc_column_text css=&#8221;&#8221;] CARRER DEL METGE&hellip; Continue reading Contact\" \/>\n<meta property=\"og:url\" content=\"https:\/\/meridiaestudio.com\/en\/contact\/\" \/>\n<meta property=\"og:site_name\" content=\"meridiaestudio\" \/>\n<meta property=\"article:publisher\" content=\"https:\/\/www.facebook.com\/meridiaestudio\" \/>\n<meta property=\"article:modified_time\" content=\"2025-06-25T11:33:27+00:00\" \/>\n<meta property=\"og:image\" content=\"https:\/\/meridiaestudio.com\/wp-content\/uploads\/2025\/05\/Image07.webp\" \/>\n\t<meta property=\"og:image:width\" content=\"1920\" \/>\n\t<meta property=\"og:image:height\" content=\"1280\" \/>\n\t<meta property=\"og:image:type\" content=\"image\/webp\" \/>\n<meta name=\"twitter:card\" content=\"summary_large_image\" \/>\n<meta name=\"twitter:label1\" content=\"Est. reading time\" \/>\n\t<meta name=\"twitter:data1\" content=\"1 minute\" \/>\n<script type=\"application\/ld+json\" class=\"yoast-schema-graph\">{\"@context\":\"https:\/\/schema.org\",\"@graph\":[{\"@type\":\"WebPage\",\"@id\":\"https:\/\/meridiaestudio.com\/en\/contact\/\",\"url\":\"https:\/\/meridiaestudio.com\/en\/contact\/\",\"name\":\"Contact - meridiaestudio\",\"isPartOf\":{\"@id\":\"https:\/\/meridiaestudio.com\/#website\"},\"datePublished\":\"2025-04-29T08:57:00+00:00\",\"dateModified\":\"2025-06-25T11:33:27+00:00\",\"breadcrumb\":{\"@id\":\"https:\/\/meridiaestudio.com\/en\/contact\/#breadcrumb\"},\"inLanguage\":\"en-US\",\"potentialAction\":[{\"@type\":\"ReadAction\",\"target\":[\"https:\/\/meridiaestudio.com\/en\/contact\/\"]}]},{\"@type\":\"BreadcrumbList\",\"@id\":\"https:\/\/meridiaestudio.com\/en\/contact\/#breadcrumb\",\"itemListElement\":[{\"@type\":\"ListItem\",\"position\":1,\"name\":\"Portada\",\"item\":\"https:\/\/meridiaestudio.com\/en\/\"},{\"@type\":\"ListItem\",\"position\":2,\"name\":\"Contact\"}]},{\"@type\":\"WebSite\",\"@id\":\"https:\/\/meridiaestudio.com\/#website\",\"url\":\"https:\/\/meridiaestudio.com\/\",\"name\":\"www.meridiaestudio.com\",\"description\":\"Estudio de dise\u00f1o Arquitect\u00f3nico en el coraz\u00f3n de Ibiza\",\"publisher\":{\"@id\":\"https:\/\/meridiaestudio.com\/#organization\"},\"alternateName\":\"Meridi\u00e0 Estudio\",\"potentialAction\":[{\"@type\":\"SearchAction\",\"target\":{\"@type\":\"EntryPoint\",\"urlTemplate\":\"https:\/\/meridiaestudio.com\/?s={search_term_string}\"},\"query-input\":{\"@type\":\"PropertyValueSpecification\",\"valueRequired\":true,\"valueName\":\"search_term_string\"}}],\"inLanguage\":\"en-US\"},{\"@type\":\"Organization\",\"@id\":\"https:\/\/meridiaestudio.com\/#organization\",\"name\":\"Meridi\u00e0 Estudio\",\"url\":\"https:\/\/meridiaestudio.com\/\",\"logo\":{\"@type\":\"ImageObject\",\"inLanguage\":\"en-US\",\"@id\":\"https:\/\/meridiaestudio.com\/#\/schema\/logo\/image\/\",\"url\":\"https:\/\/meridiaestudio.com\/wp-content\/uploads\/2025\/06\/favicon_meridia.png\",\"contentUrl\":\"https:\/\/meridiaestudio.com\/wp-content\/uploads\/2025\/06\/favicon_meridia.png\",\"width\":513,\"height\":513,\"caption\":\"Meridi\u00e0 Estudio\"},\"image\":{\"@id\":\"https:\/\/meridiaestudio.com\/#\/schema\/logo\/image\/\"},\"sameAs\":[\"https:\/\/www.facebook.com\/meridiaestudio\",\"https:\/\/www.instagram.com\/meridia_estudio\/?hl=es\"]}]}<\/script>\n<!-- \/ Yoast SEO plugin. -->","yoast_head_json":{"title":"Contact - meridiaestudio","robots":{"index":"index","follow":"follow","max-snippet":"max-snippet:-1","max-image-preview":"max-image-preview:large","max-video-preview":"max-video-preview:-1"},"canonical":"https:\/\/meridiaestudio.com\/en\/contact\/","og_locale":"en_US","og_type":"article","og_title":"Contact - meridiaestudio","og_description":"[vc_row equal_height=&#8221;yes&#8221; css=&#8221;.vc_custom_1750675629538{margin-top: 75px !important;padding-top: 0px !important;padding-right: 0px !important;padding-bottom: 0px !important;padding-left: 0px !important;}&#8221;][vc_column width=&#8221;2\/3&#8243; el_class=&#8221;maps border-blue&#8221;][vc_goo_maps location=&#8221;Meridi\u00e0 Estudio &#8211; Carrer del Metge Riera Ferrer, 16, 4\u00baC, 07800 Ibiza, Balearic Islands&#8221; zoom=&#8221;80&#8243; css=&#8221;.vc_custom_1748262424136{margin-top: 0px !important;margin-right: 0px !important;margin-bottom: 0px !important;margin-left: 0px !important;}&#8221;][\/vc_column][vc_column width=&#8221;1\/3&#8243; el_class=&#8221;contactflex-column-space&#8221; css=&#8221;.vc_custom_1748851038549{padding-top: 3% !important;padding-right: 3% !important;padding-bottom: 3% !important;padding-left: 3% !important;}&#8221;][vc_row_inner][vc_column_inner][vc_column_text css=&#8221;&#8221;] CARRER DEL METGE&hellip; Continue reading Contact","og_url":"https:\/\/meridiaestudio.com\/en\/contact\/","og_site_name":"meridiaestudio","article_publisher":"https:\/\/www.facebook.com\/meridiaestudio","article_modified_time":"2025-06-25T11:33:27+00:00","og_image":[{"width":1920,"height":1280,"url":"https:\/\/meridiaestudio.com\/wp-content\/uploads\/2025\/05\/Image07.webp","type":"image\/webp"}],"twitter_card":"summary_large_image","twitter_misc":{"Est. reading time":"1 minute"},"schema":{"@context":"https:\/\/schema.org","@graph":[{"@type":"WebPage","@id":"https:\/\/meridiaestudio.com\/en\/contact\/","url":"https:\/\/meridiaestudio.com\/en\/contact\/","name":"Contact - meridiaestudio","isPartOf":{"@id":"https:\/\/meridiaestudio.com\/#website"},"datePublished":"2025-04-29T08:57:00+00:00","dateModified":"2025-06-25T11:33:27+00:00","breadcrumb":{"@id":"https:\/\/meridiaestudio.com\/en\/contact\/#breadcrumb"},"inLanguage":"en-US","potentialAction":[{"@type":"ReadAction","target":["https:\/\/meridiaestudio.com\/en\/contact\/"]}]},{"@type":"BreadcrumbList","@id":"https:\/\/meridiaestudio.com\/en\/contact\/#breadcrumb","itemListElement":[{"@type":"ListItem","position":1,"name":"Portada","item":"https:\/\/meridiaestudio.com\/en\/"},{"@type":"ListItem","position":2,"name":"Contact"}]},{"@type":"WebSite","@id":"https:\/\/meridiaestudio.com\/#website","url":"https:\/\/meridiaestudio.com\/","name":"www.meridiaestudio.com","description":"Estudio de dise\u00f1o Arquitect\u00f3nico en el coraz\u00f3n de Ibiza","publisher":{"@id":"https:\/\/meridiaestudio.com\/#organization"},"alternateName":"Meridi\u00e0 Estudio","potentialAction":[{"@type":"SearchAction","target":{"@type":"EntryPoint","urlTemplate":"https:\/\/meridiaestudio.com\/?s={search_term_string}"},"query-input":{"@type":"PropertyValueSpecification","valueRequired":true,"valueName":"search_term_string"}}],"inLanguage":"en-US"},{"@type":"Organization","@id":"https:\/\/meridiaestudio.com\/#organization","name":"Meridi\u00e0 Estudio","url":"https:\/\/meridiaestudio.com\/","logo":{"@type":"ImageObject","inLanguage":"en-US","@id":"https:\/\/meridiaestudio.com\/#\/schema\/logo\/image\/","url":"https:\/\/meridiaestudio.com\/wp-content\/uploads\/2025\/06\/favicon_meridia.png","contentUrl":"https:\/\/meridiaestudio.com\/wp-content\/uploads\/2025\/06\/favicon_meridia.png","width":513,"height":513,"caption":"Meridi\u00e0 Estudio"},"image":{"@id":"https:\/\/meridiaestudio.com\/#\/schema\/logo\/image\/"},"sameAs":["https:\/\/www.facebook.com\/meridiaestudio","https:\/\/www.instagram.com\/meridia_estudio\/?hl=es"]}]}},"_links":{"self":[{"href":"https:\/\/meridiaestudio.com\/en\/wp-json\/wp\/v2\/pages\/1068","targetHints":{"allow":["GET"]}}],"collection":[{"href":"https:\/\/meridiaestudio.com\/en\/wp-json\/wp\/v2\/pages"}],"about":[{"href":"https:\/\/meridiaestudio.com\/en\/wp-json\/wp\/v2\/types\/page"}],"author":[{"embeddable":true,"href":"https:\/\/meridiaestudio.com\/en\/wp-json\/wp\/v2\/users\/1"}],"replies":[{"embeddable":true,"href":"https:\/\/meridiaestudio.com\/en\/wp-json\/wp\/v2\/comments?post=1068"}],"version-history":[{"count":1,"href":"https:\/\/meridiaestudio.com\/en\/wp-json\/wp\/v2\/pages\/1068\/revisions"}],"predecessor-version":[{"id":1069,"href":"https:\/\/meridiaestudio.com\/en\/wp-json\/wp\/v2\/pages\/1068\/revisions\/1069"}],"wp:attachment":[{"href":"https:\/\/meridiaestudio.com\/en\/wp-json\/wp\/v2\/media?parent=1068"}],"curies":[{"name":"wp","href":"https:\/\/api.w.org\/{rel}","templated":true}]}}