{"id":1123,"date":"2025-04-29T10:13:53","date_gmt":"2025-04-29T08:13:53","guid":{"rendered":"https:\/\/meridiaestudio.com\/politica-privacidad\/"},"modified":"2025-06-26T10:36:18","modified_gmt":"2025-06-26T08:36:18","slug":"privacy-policy","status":"publish","type":"page","link":"https:\/\/meridiaestudio.com\/en\/privacy-policy\/","title":{"rendered":"PRIVACY POLICY"},"content":{"rendered":"<div class=\"wpb-content-wrapper\"><p>[vc_row el_class=&#8221;title-container&#8221; css=&#8221;.vc_custom_1750675686415{margin-top: 75px !important;}&#8221;][vc_column][vc_column_text css=&#8221;.vc_custom_1750926962461{margin-top: 0px !important;margin-right: 0px !important;margin-bottom: 0px !important;margin-left: 0px !important;padding-top: 3% !important;padding-right: 3% !important;padding-bottom: 3% !important;padding-left: 3% !important;}&#8221;]<\/p>\n<h1 style=\"font-size: 48px;\">PRIVACY<\/h1>\n<p>[\/vc_column_text][\/vc_column][\/vc_row][vc_row css=&#8221;.vc_custom_1748520323663{padding-top: 5% !important;padding-right: 5% !important;padding-left: 5% !important;}&#8221;][vc_column][vc_column_text css=&#8221;&#8221;]<strong>PRIVACY POLICY &#8220;YOUR DATA, SAFE&#8221;<\/strong><\/p>\n<p>Information in compliance with personal data protection regulations<br \/>\nIn Europe and Spain, there are data protection rules in place designed to safeguard your personal information, which are mandatory for our organization. For this reason, it is very important to us that you fully understand what we are going to do with the personal data we request from you. We aim to be transparent and give you control over your data, using plain language and clear options so you can decide what we do with your personal information. If you have any questions after reading this information, please do not hesitate to ask us. Thank you for your cooperation.<\/p>\n<p>&nbsp;<\/p>\n<p><strong>Who are we?<\/strong><br \/>\nOur name: MERIDI\u00c0 ESTUDIO S.C.P<br \/>\nOur VAT \/ Tax ID: J13642087<br \/>\nOur main activity: Architecture-related services<br \/>\nOur address: C\/ Metge Riera Ferrer n16 4 C, 07800 &#8211; Eivissa (Balears (Illes))<br \/>\nOur contact phone number: 669281050<br \/>\nOur contact email: info@meridiaestudio.com<br \/>\nOur website: https:\/\/meridiaestudio.com\/<br \/>\nWe are at your disposal \u2014 feel free to contact us.<\/p>\n<p>&nbsp;<\/p>\n<p><strong>What will we use your data for?<\/strong><br \/>\nIn general, your personal data will be used to maintain our relationship with you and to provide our services. They may also be used for other activities, such as sending you advertising or promoting our services.<\/p>\n<p>&nbsp;<\/p>\n<p><strong>Why do we need to use your data?<\/strong><br \/>\nYour personal data is necessary so we can communicate with you and deliver our services. To this end, we will provide you with a series of checkboxes that will allow you to make clear and simple decisions about how your information is used.<\/p>\n<p>&nbsp;<\/p>\n<p><strong>Who will have access to your data?<\/strong><br \/>\nIn general, only authorized personnel from our organization will have access to your data. Likewise, entities that require access in order to provide our services may also know your data. For example, our bank will have access to your details if payment is made by card or bank transfer.<br \/>\nIn addition, certain public or private organizations to which we are legally obliged to disclose your personal data may have access to it. For instance, tax law requires us to provide specific economic transaction data to the Tax Agency.<br \/>\nIf we ever need to disclose your information outside of these situations, we will request your permission beforehand using clear options that let you decide.<\/p>\n<p>&nbsp;<\/p>\n<p><strong>How will we protect your data?<\/strong><br \/>\nWe will protect your data using effective security measures based on the risks involved in its use. To this end, our organization has approved a Data Protection Policy and conducts annual controls and audits to ensure your personal data is safe at all times.<\/p>\n<p>&nbsp;<\/p>\n<p><strong>Will we send your data to other countries?<\/strong><br \/>\nSome countries are safe for your data, while others are not. The European Union, for example, is a safe area. Our policy is not to send your personal information to any country that is not considered secure from a data protection standpoint. If, in order to provide a service, it becomes necessary to send your data to a country that is not as secure as Spain, we will always ask for your permission beforehand and apply effective security measures to reduce the risks of such data transfers.<\/p>\n<p>&nbsp;<\/p>\n<p><strong>How long will we keep your data?<\/strong><br \/>\nWe will retain your data for as long as our relationship continues and for as long as we are legally required to do so. Once the applicable legal periods expire, your data will be securely and environmentally responsibly deleted.<\/p>\n<p>&nbsp;<\/p>\n<p><strong>What are your data protection rights?<\/strong><br \/>\nYou may contact us at any time to find out what information we have about you, correct it if it is inaccurate, or delete it once our relationship has ended, if legally permitted. You also have the right to request the transfer of your information to another entity. This right is called &#8220;portability&#8221; and can be useful in certain situations.<br \/>\nTo exercise any of these rights, you must submit a written request to our address so we can verify your identity. We have specific forms in our offices for this purpose and will help you complete them if needed.<br \/>\nTo learn more about your data protection rights, you can visit the website of the Spanish Data Protection Agency (www.aepd.es).<\/p>\n<p>&nbsp;<\/p>\n<p><strong>Can you withdraw your consent later?<\/strong><br \/>\nYes, you may withdraw your consent at any time if you change your mind about how your data is used. For example, if you once agreed to receive advertising about our products or services and now no longer wish to receive such communications, you can notify us using the opt-out form available in our offices.<\/p>\n<p>If you believe your rights have been violated, where can you file a complaint?<br \/>\nIf you believe your rights have been disregarded by our organization, you can file a complaint with the Spanish Data Protection Agency through one of the following methods:<br \/>\nElectronic headquarters: www.aepd.es<br \/>\nPostal address: Agencia Espa\u00f1ola de Protecci\u00f3n de Datos, C\/ Jorge Juan, 6, 28001-Madrid<br \/>\nPhone: 901 100 099 or 91 266 35 17<br \/>\nFiling a complaint with the Spanish Data Protection Agency is free, and you do not need legal representation.<\/p>\n<p>&nbsp;<\/p>\n<p><strong>Will we create profiles about you?<\/strong><br \/>\nOur policy is not to create profiles of our service users. However, there may be situations in which, for service provision, commercial, or other purposes, we may need to create information profiles about you.<br \/>\nAn example would be using your purchase or service history to offer you products or services tailored to your preferences or needs. In such cases, we will apply effective security measures to protect your information from unauthorized individuals seeking to use it for their own benefit.<\/p>\n<p>&nbsp;<\/p>\n<p><strong>Will we use your data for other purposes?<\/strong><br \/>\nOur policy is not to use your data for purposes other than those we have explained. If we ever need to use your data for different activities, we will always ask for your permission beforehand through clear options that let you decide.[\/vc_column_text][\/vc_column][\/vc_row]<\/p>\n<\/div>","protected":false},"excerpt":{"rendered":"<p>[vc_row el_class=&#8221;title-container&#8221; css=&#8221;.vc_custom_1750675686415{margin-top: 75px !important;}&#8221;][vc_column][vc_column_text css=&#8221;.vc_custom_1750926962461{margin-top: 0px !important;margin-right: 0px !important;margin-bottom: 0px !important;margin-left: 0px !important;padding-top: 3% !important;padding-right: 3% !important;padding-bottom: 3% !important;padding-left: 3% !important;}&#8221;] PRIVACY [\/vc_column_text][\/vc_column][\/vc_row][vc_row css=&#8221;.vc_custom_1748520323663{padding-top: 5% !important;padding-right: 5% !important;padding-left: 5% !important;}&#8221;][vc_column][vc_column_text css=&#8221;&#8221;]PRIVACY POLICY &#8220;YOUR DATA, SAFE&#8221; Information in compliance with personal data protection regulations In Europe and Spain, there are data protection rules in place&hellip; <a class=\"more-link\" href=\"https:\/\/meridiaestudio.com\/en\/privacy-policy\/\">Continue reading <span class=\"screen-reader-text\">PRIVACY POLICY<\/span><\/a><\/p>\n","protected":false},"author":1,"featured_media":0,"parent":0,"menu_order":0,"comment_status":"closed","ping_status":"open","template":"","meta":{"footnotes":""},"class_list":["post-1123","page","type-page","status-publish","hentry","entry"],"yoast_head":"<!-- This site is optimized with the Yoast SEO plugin v25.2 - https:\/\/yoast.com\/wordpress\/plugins\/seo\/ -->\n<title>PRIVACY POLICY - meridiaestudio<\/title>\n<meta name=\"robots\" content=\"index, follow, max-snippet:-1, max-image-preview:large, max-video-preview:-1\" \/>\n<link rel=\"canonical\" href=\"https:\/\/meridiaestudio.com\/en\/privacy-policy\/\" \/>\n<meta property=\"og:locale\" content=\"en_US\" \/>\n<meta property=\"og:type\" content=\"article\" \/>\n<meta property=\"og:title\" content=\"PRIVACY POLICY - meridiaestudio\" \/>\n<meta property=\"og:description\" content=\"[vc_row el_class=&#8221;title-container&#8221; css=&#8221;.vc_custom_1750675686415{margin-top: 75px !important;}&#8221;][vc_column][vc_column_text css=&#8221;.vc_custom_1750926962461{margin-top: 0px !important;margin-right: 0px !important;margin-bottom: 0px !important;margin-left: 0px !important;padding-top: 3% !important;padding-right: 3% !important;padding-bottom: 3% !important;padding-left: 3% !important;}&#8221;] PRIVACY [\/vc_column_text][\/vc_column][\/vc_row][vc_row css=&#8221;.vc_custom_1748520323663{padding-top: 5% !important;padding-right: 5% !important;padding-left: 5% !important;}&#8221;][vc_column][vc_column_text css=&#8221;&#8221;]PRIVACY POLICY &#8220;YOUR DATA, SAFE&#8221; Information in compliance with personal data protection regulations In Europe and Spain, there are data protection rules in place&hellip; Continue reading PRIVACY POLICY\" \/>\n<meta property=\"og:url\" content=\"https:\/\/meridiaestudio.com\/en\/privacy-policy\/\" \/>\n<meta property=\"og:site_name\" content=\"meridiaestudio\" \/>\n<meta property=\"article:publisher\" content=\"https:\/\/www.facebook.com\/meridiaestudio\" \/>\n<meta property=\"article:modified_time\" content=\"2025-06-26T08:36:18+00:00\" \/>\n<meta property=\"og:image\" content=\"https:\/\/meridiaestudio.com\/wp-content\/uploads\/2025\/05\/Image07.webp\" \/>\n\t<meta property=\"og:image:width\" content=\"1920\" \/>\n\t<meta property=\"og:image:height\" content=\"1280\" \/>\n\t<meta property=\"og:image:type\" content=\"image\/webp\" \/>\n<meta name=\"twitter:card\" content=\"summary_large_image\" \/>\n<meta name=\"twitter:label1\" content=\"Est. reading time\" \/>\n\t<meta name=\"twitter:data1\" content=\"5 minutes\" \/>\n<script type=\"application\/ld+json\" class=\"yoast-schema-graph\">{\"@context\":\"https:\/\/schema.org\",\"@graph\":[{\"@type\":\"WebPage\",\"@id\":\"https:\/\/meridiaestudio.com\/en\/privacy-policy\/\",\"url\":\"https:\/\/meridiaestudio.com\/en\/privacy-policy\/\",\"name\":\"PRIVACY POLICY - meridiaestudio\",\"isPartOf\":{\"@id\":\"https:\/\/meridiaestudio.com\/#website\"},\"datePublished\":\"2025-04-29T08:13:53+00:00\",\"dateModified\":\"2025-06-26T08:36:18+00:00\",\"breadcrumb\":{\"@id\":\"https:\/\/meridiaestudio.com\/en\/privacy-policy\/#breadcrumb\"},\"inLanguage\":\"en-US\",\"potentialAction\":[{\"@type\":\"ReadAction\",\"target\":[\"https:\/\/meridiaestudio.com\/en\/privacy-policy\/\"]}]},{\"@type\":\"BreadcrumbList\",\"@id\":\"https:\/\/meridiaestudio.com\/en\/privacy-policy\/#breadcrumb\",\"itemListElement\":[{\"@type\":\"ListItem\",\"position\":1,\"name\":\"Portada\",\"item\":\"https:\/\/meridiaestudio.com\/en\/\"},{\"@type\":\"ListItem\",\"position\":2,\"name\":\"PRIVACY POLICY\"}]},{\"@type\":\"WebSite\",\"@id\":\"https:\/\/meridiaestudio.com\/#website\",\"url\":\"https:\/\/meridiaestudio.com\/\",\"name\":\"www.meridiaestudio.com\",\"description\":\"Estudio de dise\u00f1o Arquitect\u00f3nico en el coraz\u00f3n de Ibiza\",\"publisher\":{\"@id\":\"https:\/\/meridiaestudio.com\/#organization\"},\"alternateName\":\"Meridi\u00e0 Estudio\",\"potentialAction\":[{\"@type\":\"SearchAction\",\"target\":{\"@type\":\"EntryPoint\",\"urlTemplate\":\"https:\/\/meridiaestudio.com\/?s={search_term_string}\"},\"query-input\":{\"@type\":\"PropertyValueSpecification\",\"valueRequired\":true,\"valueName\":\"search_term_string\"}}],\"inLanguage\":\"en-US\"},{\"@type\":\"Organization\",\"@id\":\"https:\/\/meridiaestudio.com\/#organization\",\"name\":\"Meridi\u00e0 Estudio\",\"url\":\"https:\/\/meridiaestudio.com\/\",\"logo\":{\"@type\":\"ImageObject\",\"inLanguage\":\"en-US\",\"@id\":\"https:\/\/meridiaestudio.com\/#\/schema\/logo\/image\/\",\"url\":\"https:\/\/meridiaestudio.com\/wp-content\/uploads\/2025\/06\/favicon_meridia.png\",\"contentUrl\":\"https:\/\/meridiaestudio.com\/wp-content\/uploads\/2025\/06\/favicon_meridia.png\",\"width\":513,\"height\":513,\"caption\":\"Meridi\u00e0 Estudio\"},\"image\":{\"@id\":\"https:\/\/meridiaestudio.com\/#\/schema\/logo\/image\/\"},\"sameAs\":[\"https:\/\/www.facebook.com\/meridiaestudio\",\"https:\/\/www.instagram.com\/meridia_estudio\/?hl=es\"]}]}<\/script>\n<!-- \/ Yoast SEO plugin. -->","yoast_head_json":{"title":"PRIVACY POLICY - meridiaestudio","robots":{"index":"index","follow":"follow","max-snippet":"max-snippet:-1","max-image-preview":"max-image-preview:large","max-video-preview":"max-video-preview:-1"},"canonical":"https:\/\/meridiaestudio.com\/en\/privacy-policy\/","og_locale":"en_US","og_type":"article","og_title":"PRIVACY POLICY - meridiaestudio","og_description":"[vc_row el_class=&#8221;title-container&#8221; css=&#8221;.vc_custom_1750675686415{margin-top: 75px !important;}&#8221;][vc_column][vc_column_text css=&#8221;.vc_custom_1750926962461{margin-top: 0px !important;margin-right: 0px !important;margin-bottom: 0px !important;margin-left: 0px !important;padding-top: 3% !important;padding-right: 3% !important;padding-bottom: 3% !important;padding-left: 3% !important;}&#8221;] PRIVACY [\/vc_column_text][\/vc_column][\/vc_row][vc_row css=&#8221;.vc_custom_1748520323663{padding-top: 5% !important;padding-right: 5% !important;padding-left: 5% !important;}&#8221;][vc_column][vc_column_text css=&#8221;&#8221;]PRIVACY POLICY &#8220;YOUR DATA, SAFE&#8221; Information in compliance with personal data protection regulations In Europe and Spain, there are data protection rules in place&hellip; Continue reading PRIVACY POLICY","og_url":"https:\/\/meridiaestudio.com\/en\/privacy-policy\/","og_site_name":"meridiaestudio","article_publisher":"https:\/\/www.facebook.com\/meridiaestudio","article_modified_time":"2025-06-26T08:36:18+00:00","og_image":[{"width":1920,"height":1280,"url":"https:\/\/meridiaestudio.com\/wp-content\/uploads\/2025\/05\/Image07.webp","type":"image\/webp"}],"twitter_card":"summary_large_image","twitter_misc":{"Est. reading time":"5 minutes"},"schema":{"@context":"https:\/\/schema.org","@graph":[{"@type":"WebPage","@id":"https:\/\/meridiaestudio.com\/en\/privacy-policy\/","url":"https:\/\/meridiaestudio.com\/en\/privacy-policy\/","name":"PRIVACY POLICY - meridiaestudio","isPartOf":{"@id":"https:\/\/meridiaestudio.com\/#website"},"datePublished":"2025-04-29T08:13:53+00:00","dateModified":"2025-06-26T08:36:18+00:00","breadcrumb":{"@id":"https:\/\/meridiaestudio.com\/en\/privacy-policy\/#breadcrumb"},"inLanguage":"en-US","potentialAction":[{"@type":"ReadAction","target":["https:\/\/meridiaestudio.com\/en\/privacy-policy\/"]}]},{"@type":"BreadcrumbList","@id":"https:\/\/meridiaestudio.com\/en\/privacy-policy\/#breadcrumb","itemListElement":[{"@type":"ListItem","position":1,"name":"Portada","item":"https:\/\/meridiaestudio.com\/en\/"},{"@type":"ListItem","position":2,"name":"PRIVACY POLICY"}]},{"@type":"WebSite","@id":"https:\/\/meridiaestudio.com\/#website","url":"https:\/\/meridiaestudio.com\/","name":"www.meridiaestudio.com","description":"Estudio de dise\u00f1o Arquitect\u00f3nico en el coraz\u00f3n de Ibiza","publisher":{"@id":"https:\/\/meridiaestudio.com\/#organization"},"alternateName":"Meridi\u00e0 Estudio","potentialAction":[{"@type":"SearchAction","target":{"@type":"EntryPoint","urlTemplate":"https:\/\/meridiaestudio.com\/?s={search_term_string}"},"query-input":{"@type":"PropertyValueSpecification","valueRequired":true,"valueName":"search_term_string"}}],"inLanguage":"en-US"},{"@type":"Organization","@id":"https:\/\/meridiaestudio.com\/#organization","name":"Meridi\u00e0 Estudio","url":"https:\/\/meridiaestudio.com\/","logo":{"@type":"ImageObject","inLanguage":"en-US","@id":"https:\/\/meridiaestudio.com\/#\/schema\/logo\/image\/","url":"https:\/\/meridiaestudio.com\/wp-content\/uploads\/2025\/06\/favicon_meridia.png","contentUrl":"https:\/\/meridiaestudio.com\/wp-content\/uploads\/2025\/06\/favicon_meridia.png","width":513,"height":513,"caption":"Meridi\u00e0 Estudio"},"image":{"@id":"https:\/\/meridiaestudio.com\/#\/schema\/logo\/image\/"},"sameAs":["https:\/\/www.facebook.com\/meridiaestudio","https:\/\/www.instagram.com\/meridia_estudio\/?hl=es"]}]}},"_links":{"self":[{"href":"https:\/\/meridiaestudio.com\/en\/wp-json\/wp\/v2\/pages\/1123","targetHints":{"allow":["GET"]}}],"collection":[{"href":"https:\/\/meridiaestudio.com\/en\/wp-json\/wp\/v2\/pages"}],"about":[{"href":"https:\/\/meridiaestudio.com\/en\/wp-json\/wp\/v2\/types\/page"}],"author":[{"embeddable":true,"href":"https:\/\/meridiaestudio.com\/en\/wp-json\/wp\/v2\/users\/1"}],"replies":[{"embeddable":true,"href":"https:\/\/meridiaestudio.com\/en\/wp-json\/wp\/v2\/comments?post=1123"}],"version-history":[{"count":3,"href":"https:\/\/meridiaestudio.com\/en\/wp-json\/wp\/v2\/pages\/1123\/revisions"}],"predecessor-version":[{"id":1126,"href":"https:\/\/meridiaestudio.com\/en\/wp-json\/wp\/v2\/pages\/1123\/revisions\/1126"}],"wp:attachment":[{"href":"https:\/\/meridiaestudio.com\/en\/wp-json\/wp\/v2\/media?parent=1123"}],"curies":[{"name":"wp","href":"https:\/\/api.w.org\/{rel}","templated":true}]}}